{"id":3,"date":"2023-09-13T15:10:30","date_gmt":"2023-09-13T15:10:30","guid":{"rendered":"https:\/\/www.bilparkenrental.se\/?page_id=3"},"modified":"2023-12-07T16:40:10","modified_gmt":"2023-12-07T15:40:10","slug":"privacy-policy","status":"publish","type":"page","link":"https:\/\/www.bilparkenrental.se\/en\/integritetspolicy\/","title":{"rendered":"Privacy Policy"},"content":{"rendered":"<div data-elementor-type=\"wp-page\" data-elementor-id=\"3\" class=\"elementor elementor-3\" data-elementor-post-type=\"page\">\n\t\t\t\t<div class=\"elementor-element elementor-element-75d44c3f e-flex e-con-boxed e-con e-parent\" data-id=\"75d44c3f\" data-element_type=\"container\" data-e-type=\"container\">\n\t\t\t\t\t<div class=\"e-con-inner\">\n\t\t\t\t<div class=\"elementor-element elementor-element-51a25cf2 elementor-widget elementor-widget-text-editor\" data-id=\"51a25cf2\" data-element_type=\"widget\" data-e-type=\"widget\" data-widget_type=\"text-editor.default\">\n\t\t\t\t<div class=\"elementor-widget-container\">\n\t\t\t\t\t\t\t\t\t<p><\/p>\n<h1 class=\"wp-block-heading\"><b>Privacy Policy<\/b><\/h1>\n<p><span style=\"font-weight: 400;\">We take your personal data and its handling very seriously and treat it with the utmost respect. This page describes how we collect and process personal data in accordance with applicable laws (GDPR) and how you can contact us about personal data.<\/span><\/p>\n<p><span style=\"font-weight: 400;\">Personal data is information that can be linked to an identifiable natural person. This includes for example names, IP addresses and contact details.<\/span><\/p>\n<p><span style=\"font-weight: 400;\">\u00a0<\/span><\/p>\n<h2><b>What data we store and for how long<\/b><\/h2>\n<p><span style=\"font-weight: 400;\">We store the respective data submitted through our various forms. We also store data relating to website traffic and retain this data for as long as necessary for the purposes of the processing. We base the collection of personal data on consent.<\/span><\/p>\n<p><span style=\"font-weight: 400;\">\u00a0<\/span><\/p>\n<h2 style=\"font-family: Inter, sans-serif; color: #000000;\"><b>Sharing of personal data<\/b><\/h2>\n<p>Bilparken Rental will not share customers' personal information with third parties UNLESS it is necessary to complete orders.<\/p>\n<p><span style=\"font-weight: 400;\">\u00a0<\/span><\/p>\n<h2><b>Purpose and aim of the collection<\/b><\/h2>\n<p><span style=\"font-weight: 400;\">We collect data to make contact, establish and\/or maintain a business relationship.<\/span><\/p>\n<p><span style=\"font-weight: 400;\">\u00a0<\/span><\/p>\n<h2><b>Access or delete collected information<\/b><\/h2>\n<p><span style=\"font-weight: 400;\">You have the right to have your personal data corrected or deleted at any time. You also have the right to request information about what data we have stored about you.<\/span><\/p>\n<p><span style=\"font-weight: 400;\">\u00a0<\/span><\/p>\n<h2><b>Cookies and analytics services<\/b><\/h2>\n<p><span style=\"font-weight: 400;\">We use cookies in the form of necessary cookies used in the functionality of the website and cookies used for statistics.<\/span><\/p>\n<p><span style=\"font-weight: 400;\">Cookies used for analytics are provided by third parties who collect, among other things, IP addresses and traffic information. Data we use to evaluate and develop our services and products.<\/span><\/p>\n<p><span style=\"font-weight: 400;\">\u00a0<\/span><\/p>\n<h2><b>Contact<\/b><\/h2>\n<p><span style=\"font-weight: 400;\">If you want to get in touch with us regarding personal data, you can reach us here:<\/span><\/p>\n<p><span style=\"font-weight: 400;\">Bilparken Svedala Rental AB<br \/><\/span><span style=\"font-weight: 400;\">uthyrning@bilparken.se<br \/><\/span><span style=\"font-weight: 400;\">Org.nr: 559438-9842<\/span><\/p>\n<h2>\u00a0<\/h2>\n<p><\/p>\n<p>\u00a0<\/p>\t\t\t\t\t\t\t\t<\/div>\n\t\t\t\t<\/div>\n\t\t\t\t\t<\/div>\n\t\t\t\t<\/div>\n\t\t\t\t<\/div>","protected":false},"excerpt":{"rendered":"<p>Integritetspolicy Vi tar era personuppgifter och dess hantering p\u00e5 st\u00f6rsta allvar och hanterar dem med st\u00f6rsta respekt. P\u00e5 denna sida beskriver vi hur vi samlar in och hanterar personuppgifter i enlighet med g\u00e4llande lagar (GDPR) samt hur du kan kontakta oss g\u00e4llande personuppgifter. En personuppgift \u00e4r den information som kan kopplas till en identifierbar fysisk [&hellip;]<\/p>\n","protected":false},"author":1,"featured_media":0,"parent":0,"menu_order":0,"comment_status":"closed","ping_status":"open","template":"","meta":{"footnotes":""},"class_list":["post-3","page","type-page","status-publish","hentry"],"_links":{"self":[{"href":"https:\/\/www.bilparkenrental.se\/en\/wp-json\/wp\/v2\/pages\/3","targetHints":{"allow":["GET"]}}],"collection":[{"href":"https:\/\/www.bilparkenrental.se\/en\/wp-json\/wp\/v2\/pages"}],"about":[{"href":"https:\/\/www.bilparkenrental.se\/en\/wp-json\/wp\/v2\/types\/page"}],"author":[{"embeddable":true,"href":"https:\/\/www.bilparkenrental.se\/en\/wp-json\/wp\/v2\/users\/1"}],"replies":[{"embeddable":true,"href":"https:\/\/www.bilparkenrental.se\/en\/wp-json\/wp\/v2\/comments?post=3"}],"version-history":[{"count":0,"href":"https:\/\/www.bilparkenrental.se\/en\/wp-json\/wp\/v2\/pages\/3\/revisions"}],"wp:attachment":[{"href":"https:\/\/www.bilparkenrental.se\/en\/wp-json\/wp\/v2\/media?parent=3"}],"curies":[{"name":"wp","href":"https:\/\/api.w.org\/{rel}","templated":true}]}}