{"id":1994,"date":"2025-05-02T17:01:09","date_gmt":"2025-05-02T15:01:09","guid":{"rendered":"https:\/\/www.bilparkenrental.se\/?page_id=1994"},"modified":"2025-05-13T14:47:28","modified_gmt":"2025-05-13T12:47:28","slug":"free-miles","status":"publish","type":"page","link":"https:\/\/www.bilparkenrental.se\/en\/fria-mil\/","title":{"rendered":"Free miles"},"content":{"rendered":"<div data-elementor-type=\"wp-page\" data-elementor-id=\"1994\" class=\"elementor elementor-1994\" data-elementor-post-type=\"page\">\n\t\t\t\t<div class=\"elementor-element elementor-element-8c03337 e-flex e-con-boxed e-con e-parent\" data-id=\"8c03337\" data-element_type=\"container\" data-e-type=\"container\">\n\t\t\t\t\t<div class=\"e-con-inner\">\n\t\t\t\t<div class=\"elementor-element elementor-element-3a0f743 elementor-widget elementor-widget-text-editor\" data-id=\"3a0f743\" data-element_type=\"widget\" data-e-type=\"widget\" data-widget_type=\"text-editor.default\">\n\t\t\t\t<div class=\"elementor-widget-container\">\n\t\t\t\t\t\t\t\t\t<h3 class=\"\" data-start=\"180\" data-end=\"242\"><strong data-start=\"184\" data-end=\"242\">What applies when you rent a motorhome or caravan?<\/strong><\/h3><p class=\"\" data-start=\"244\" data-end=\"540\">At Bilparken Rental, we want to give you the freedom to travel on your terms. That's why we offer the possibility to buy <em data-start=\"360\" data-end=\"370\">free miles<\/em> when you book your motorhome - so you don't have to worry about distance and mileage. In the case of our caravan (Hero Camper), it's even easier - free mileage is already included in the rental.<\/p><h4 class=\"\" data-start=\"542\" data-end=\"595\"><strong data-start=\"547\" data-end=\"595\">Motorhomes - choose if you want free miles<\/strong><\/h4><p class=\"\" data-start=\"596\" data-end=\"754\">When you book a <strong data-start=\"612\" data-end=\"622\">motorhome<\/strong> it is included as standard <strong data-start=\"646\" data-end=\"680\">20 free miles per paid day<\/strong>. If you drive further than this, there is a charge of <strong data-start=\"730\" data-end=\"753\">SEK 30 per extra mile<\/strong>.<\/p><p class=\"\" data-start=\"756\" data-end=\"961\">Don't want to count miles? Then you can buy the service <em data-start=\"811\" data-end=\"821\">Free miles<\/em> for <strong data-start=\"826\" data-end=\"838\">2 500 kr<\/strong> and drive as far as you want within Sweden, without extra mileage costs. The service can easily be added at the time of booking.<\/p><h4 class=\"\" data-start=\"963\" data-end=\"1003\"><strong data-start=\"968\" data-end=\"1003\">Caravan - free miles always included<\/strong><\/h4><p class=\"\" data-start=\"1004\" data-end=\"1222\">When you rent our <strong data-start=\"1019\" data-end=\"1042\">Hero Camper caravan<\/strong> you don't have to think about options <em data-start=\"1078\" data-end=\"1101\">free miles always included<\/em> in the rental price. So you don't need to buy an extra mileage package, no matter how far you plan to drive within Sweden.<\/p><h4 class=\"\" data-start=\"1224\" data-end=\"1262\"><strong data-start=\"1229\" data-end=\"1262\">Things to consider when travelling abroad<\/strong><\/h4><p class=\"\" data-start=\"1263\" data-end=\"1524\">Please note that <strong data-start=\"1277\" data-end=\"1326\">driving abroad requires prior authorisation<\/strong>. Regardless of the type of vehicle, you must contact our station before departure if you plan to travel outside Sweden. Driving abroad without authorisation may affect insurance cover and lead to extra charges.<\/p>\t\t\t\t\t\t\t\t<\/div>\n\t\t\t\t<\/div>\n\t\t\t\t\t<\/div>\n\t\t\t\t<\/div>\n\t\t\t\t<\/div>","protected":false},"excerpt":{"rendered":"<p>Vad g\u00e4ller n\u00e4r du hyr husbil eller husvagn? Hos Bilparken Rental vill vi ge dig friheten att resa p\u00e5 dina villkor. D\u00e4rf\u00f6r erbjuder vi m\u00f6jligheten att k\u00f6pa till fria mil n\u00e4r du bokar din husbil \u2013 s\u00e5 du slipper t\u00e4nka p\u00e5 avst\u00e5nd och milkostnad. N\u00e4r det g\u00e4ller v\u00e5r husvagn (Hero Camper) \u00e4r det \u00e4nnu enklare [&hellip;]<\/p>\n","protected":false},"author":1,"featured_media":0,"parent":0,"menu_order":0,"comment_status":"closed","ping_status":"closed","template":"","meta":{"footnotes":""},"class_list":["post-1994","page","type-page","status-publish","hentry"],"_links":{"self":[{"href":"https:\/\/www.bilparkenrental.se\/en\/wp-json\/wp\/v2\/pages\/1994","targetHints":{"allow":["GET"]}}],"collection":[{"href":"https:\/\/www.bilparkenrental.se\/en\/wp-json\/wp\/v2\/pages"}],"about":[{"href":"https:\/\/www.bilparkenrental.se\/en\/wp-json\/wp\/v2\/types\/page"}],"author":[{"embeddable":true,"href":"https:\/\/www.bilparkenrental.se\/en\/wp-json\/wp\/v2\/users\/1"}],"replies":[{"embeddable":true,"href":"https:\/\/www.bilparkenrental.se\/en\/wp-json\/wp\/v2\/comments?post=1994"}],"version-history":[{"count":7,"href":"https:\/\/www.bilparkenrental.se\/en\/wp-json\/wp\/v2\/pages\/1994\/revisions"}],"predecessor-version":[{"id":2142,"href":"https:\/\/www.bilparkenrental.se\/en\/wp-json\/wp\/v2\/pages\/1994\/revisions\/2142"}],"wp:attachment":[{"href":"https:\/\/www.bilparkenrental.se\/en\/wp-json\/wp\/v2\/media?parent=1994"}],"curies":[{"name":"wp","href":"https:\/\/api.w.org\/{rel}","templated":true}]}}