{"id":1620,"date":"2024-11-14T19:50:08","date_gmt":"2024-11-14T18:50:08","guid":{"rendered":"https:\/\/www.bilparkenrental.se\/?page_id=1620"},"modified":"2024-11-14T20:04:00","modified_gmt":"2024-11-14T19:04:00","slug":"elementor-1620","status":"publish","type":"page","link":"https:\/\/www.bilparkenrental.se\/en\/elementor-1620\/","title":{"rendered":"Report damage"},"content":{"rendered":"<div data-elementor-type=\"wp-page\" data-elementor-id=\"1620\" class=\"elementor elementor-1620\" data-elementor-post-type=\"page\">\n\t\t\t\t<div class=\"elementor-element elementor-element-13a58db e-flex e-con-boxed e-con e-parent\" data-id=\"13a58db\" data-element_type=\"container\" data-e-type=\"container\">\n\t\t\t\t\t<div class=\"e-con-inner\">\n\t\t\t\t<div class=\"elementor-element elementor-element-26a363a elementor-widget elementor-widget-text-editor\" data-id=\"26a363a\" data-element_type=\"widget\" data-e-type=\"widget\" data-widget_type=\"text-editor.default\">\n\t\t\t\t<div class=\"elementor-widget-container\">\n\t\t\t\t\t\t\t\t\t<p>Have you experienced damage to one of our motorhomes? We want to make claims handling as simple and smooth as possible for you. Therefore, we offer two options for reporting the damage:<\/p><ol><li><p><strong>Apply online to Protector Insurance<\/strong> - Follow the link below to file a claim directly online. In this way, you can quickly report the incident and begin claims handling. <a href=\"https:\/\/claims-at-net-motor.protectorforsakring.se\/swe\/se\/captcha\" target=\"_blank\" rel=\"noopener\">Click here to report damage online.<\/a><\/p><\/li><li><p><strong>Contact Protector Insurance by phone<\/strong> - Do you prefer to talk to someone directly? Then you can call Protector F\u00f6rs\u00e4kring on the phone number listed below, and a manager will help you further. Phone number: <strong>\u00a0(+46) 08-410-637 00<\/strong><\/p><\/li><\/ol><p>To get a clear picture of the deductibles that can be applied in case of damage, we recommend that you visit the page <a href=\"https:\/\/www.bilparkenrental.se\/en\/rental-conditions\/\" rel=\"noopener\">Our rental conditions<\/a>. There you will find all information about deductibles and other important conditions.<\/p><p>We are here to make your experience as smooth as possible and are ready to help you if you have any questions.<\/p>\t\t\t\t\t\t\t\t<\/div>\n\t\t\t\t<\/div>\n\t\t\t\t<div class=\"elementor-element elementor-element-939cf8d elementor-widget elementor-widget-image\" data-id=\"939cf8d\" data-element_type=\"widget\" data-e-type=\"widget\" data-widget_type=\"image.default\">\n\t\t\t\t<div class=\"elementor-widget-container\">\n\t\t\t\t\t\t\t\t\t\t\t\t\t\t\t<img fetchpriority=\"high\" decoding=\"async\" width=\"1536\" height=\"864\" src=\"https:\/\/www.bilparkenrental.se\/wp-content\/uploads\/2024\/11\/Invandig-1536x864.png\" class=\"attachment-1536x1536 size-1536x1536 wp-image-1630\" alt=\"\" srcset=\"https:\/\/www.bilparkenrental.se\/wp-content\/uploads\/2024\/11\/Invandig-1536x864.png 1536w, https:\/\/www.bilparkenrental.se\/wp-content\/uploads\/2024\/11\/Invandig-300x169.png 300w, https:\/\/www.bilparkenrental.se\/wp-content\/uploads\/2024\/11\/Invandig-1024x576.png 1024w, https:\/\/www.bilparkenrental.se\/wp-content\/uploads\/2024\/11\/Invandig-768x432.png 768w, https:\/\/www.bilparkenrental.se\/wp-content\/uploads\/2024\/11\/Invandig-600x338.png 600w, https:\/\/www.bilparkenrental.se\/wp-content\/uploads\/2024\/11\/Invandig.png 1920w\" sizes=\"(max-width: 1536px) 100vw, 1536px\" \/>\t\t\t\t\t\t\t\t\t\t\t\t\t\t\t<\/div>\n\t\t\t\t<\/div>\n\t\t\t\t\t<\/div>\n\t\t\t\t<\/div>\n\t\t<div class=\"elementor-element elementor-element-232b74e e-flex e-con-boxed e-con e-parent\" data-id=\"232b74e\" data-element_type=\"container\" data-e-type=\"container\">\n\t\t\t\t\t<div class=\"e-con-inner\">\n\t\t\t\t\t<\/div>\n\t\t\t\t<\/div>\n\t\t\t\t<\/div>","protected":false},"excerpt":{"rendered":"<p>Har du varit med om en skada p\u00e5 en av v\u00e5ra husbilar? Vi vill g\u00f6ra skadehanteringen s\u00e5 enkel och smidig som m\u00f6jligt f\u00f6r dig. D\u00e4rf\u00f6r erbjuder vi tv\u00e5 alternativ f\u00f6r att anm\u00e4la skadan: Anm\u00e4l online till Protector F\u00f6rs\u00e4kring \u2013 F\u00f6lj l\u00e4nken nedan f\u00f6r att g\u00f6ra en skadeanm\u00e4lan direkt online. P\u00e5 detta s\u00e4tt kan du snabbt [&hellip;]<\/p>\n","protected":false},"author":1,"featured_media":0,"parent":0,"menu_order":0,"comment_status":"closed","ping_status":"closed","template":"","meta":{"footnotes":""},"class_list":["post-1620","page","type-page","status-publish","hentry"],"_links":{"self":[{"href":"https:\/\/www.bilparkenrental.se\/en\/wp-json\/wp\/v2\/pages\/1620","targetHints":{"allow":["GET"]}}],"collection":[{"href":"https:\/\/www.bilparkenrental.se\/en\/wp-json\/wp\/v2\/pages"}],"about":[{"href":"https:\/\/www.bilparkenrental.se\/en\/wp-json\/wp\/v2\/types\/page"}],"author":[{"embeddable":true,"href":"https:\/\/www.bilparkenrental.se\/en\/wp-json\/wp\/v2\/users\/1"}],"replies":[{"embeddable":true,"href":"https:\/\/www.bilparkenrental.se\/en\/wp-json\/wp\/v2\/comments?post=1620"}],"version-history":[{"count":0,"href":"https:\/\/www.bilparkenrental.se\/en\/wp-json\/wp\/v2\/pages\/1620\/revisions"}],"wp:attachment":[{"href":"https:\/\/www.bilparkenrental.se\/en\/wp-json\/wp\/v2\/media?parent=1620"}],"curies":[{"name":"wp","href":"https:\/\/api.w.org\/{rel}","templated":true}]}}