{"id":1392,"date":"2024-07-16T19:31:56","date_gmt":"2024-07-16T17:31:56","guid":{"rendered":"https:\/\/www.bilparkenrental.se\/?page_id=1392"},"modified":"2024-11-13T13:05:08","modified_gmt":"2024-11-13T12:05:08","slug":"camping-tips","status":"publish","type":"page","link":"https:\/\/www.bilparkenrental.se\/en\/camping-tips\/","title":{"rendered":"Camping Tips"},"content":{"rendered":"<div data-elementor-type=\"wp-page\" data-elementor-id=\"1392\" class=\"elementor elementor-1392\" data-elementor-post-type=\"page\">\n\t\t\t\t<div class=\"elementor-element elementor-element-78002f6 e-flex e-con-boxed e-con e-parent\" data-id=\"78002f6\" data-element_type=\"container\" data-e-type=\"container\">\n\t\t\t\t\t<div class=\"e-con-inner\">\n\t\t<div class=\"elementor-element elementor-element-150ed0e e-con-full e-flex e-con e-child\" data-id=\"150ed0e\" data-element_type=\"container\" data-e-type=\"container\">\n\t\t\t\t<div class=\"elementor-element elementor-element-42429e3 elementor-widget elementor-widget-image\" data-id=\"42429e3\" data-element_type=\"widget\" data-e-type=\"widget\" data-widget_type=\"image.default\">\n\t\t\t\t<div class=\"elementor-widget-container\">\n\t\t\t\t\t\t\t\t\t\t\t\t\t\t\t<img fetchpriority=\"high\" decoding=\"async\" width=\"470\" height=\"435\" src=\"https:\/\/www.bilparkenrental.se\/wp-content\/uploads\/2024\/07\/Skarmbild-2024-07-16-190505.png\" class=\"attachment-large size-large wp-image-1430\" alt=\"\" srcset=\"https:\/\/www.bilparkenrental.se\/wp-content\/uploads\/2024\/07\/Skarmbild-2024-07-16-190505.png 470w, https:\/\/www.bilparkenrental.se\/wp-content\/uploads\/2024\/07\/Skarmbild-2024-07-16-190505-300x278.png 300w\" sizes=\"(max-width: 470px) 100vw, 470px\" \/>\t\t\t\t\t\t\t\t\t\t\t\t\t\t\t<\/div>\n\t\t\t\t<\/div>\n\t\t\t\t<div class=\"elementor-element elementor-element-4240f70 elementor-widget elementor-widget-text-editor\" data-id=\"4240f70\" data-element_type=\"widget\" data-e-type=\"widget\" data-widget_type=\"text-editor.default\">\n\t\t\t\t<div class=\"elementor-widget-container\">\n\t\t\t\t\t\t\t\t\t<p><strong>Hafsten Resort \u2013<\/strong> One of the west coast's most exciting leisure and conference facilities, located on a peninsula in the middle of the beautiful Bohusl\u00e4n archipelago just outside Uddevalla.<a href=\"https:\/\/hafsten.se\/\" target=\"_blank\" rel=\"noopener\"> Click here to book.<\/a><\/p>\t\t\t\t\t\t\t\t<\/div>\n\t\t\t\t<\/div>\n\t\t\t\t<\/div>\n\t\t<div class=\"elementor-element elementor-element-7d67eab e-con-full e-flex e-con e-child\" data-id=\"7d67eab\" data-element_type=\"container\" data-e-type=\"container\">\n\t\t\t\t<div class=\"elementor-element elementor-element-627b939 elementor-widget elementor-widget-image\" data-id=\"627b939\" data-element_type=\"widget\" data-e-type=\"widget\" data-widget_type=\"image.default\">\n\t\t\t\t<div class=\"elementor-widget-container\">\n\t\t\t\t\t\t\t\t\t\t\t\t\t\t\t<img decoding=\"async\" width=\"659\" height=\"453\" src=\"https:\/\/www.bilparkenrental.se\/wp-content\/uploads\/2024\/07\/Skarmbild-2024-07-16-191145.png\" class=\"attachment-large size-large wp-image-1431\" alt=\"\" srcset=\"https:\/\/www.bilparkenrental.se\/wp-content\/uploads\/2024\/07\/Skarmbild-2024-07-16-191145.png 659w, https:\/\/www.bilparkenrental.se\/wp-content\/uploads\/2024\/07\/Skarmbild-2024-07-16-191145-300x206.png 300w, https:\/\/www.bilparkenrental.se\/wp-content\/uploads\/2024\/07\/Skarmbild-2024-07-16-191145-600x412.png 600w\" sizes=\"(max-width: 659px) 100vw, 659px\" \/>\t\t\t\t\t\t\t\t\t\t\t\t\t\t\t<\/div>\n\t\t\t\t<\/div>\n\t\t\t\t<div class=\"elementor-element elementor-element-e0c616c elementor-widget elementor-widget-text-editor\" data-id=\"e0c616c\" data-element_type=\"widget\" data-e-type=\"widget\" data-widget_type=\"text-editor.default\">\n\t\t\t\t<div class=\"elementor-widget-container\">\n\t\t\t\t\t\t\t\t\t<p><strong>Apelvikens Camping \u2013 <\/strong>Halland's only five-star campsite offers a variety of accommodation options such as hotel rooms, cabins, two restaurants and a heated pool! <a href=\"https:\/\/www.apelviken.se\/\" target=\"_blank\" rel=\"noopener\">Click here to book.<\/a><\/p>\t\t\t\t\t\t\t\t<\/div>\n\t\t\t\t<\/div>\n\t\t\t\t<\/div>\n\t\t<div class=\"elementor-element elementor-element-f13ae07 e-con-full e-flex e-con e-child\" data-id=\"f13ae07\" data-element_type=\"container\" data-e-type=\"container\">\n\t\t\t\t<div class=\"elementor-element elementor-element-b48b1d7 elementor-widget elementor-widget-image\" data-id=\"b48b1d7\" data-element_type=\"widget\" data-e-type=\"widget\" data-widget_type=\"image.default\">\n\t\t\t\t<div class=\"elementor-widget-container\">\n\t\t\t\t\t\t\t\t\t\t\t\t\t\t\t<img decoding=\"async\" width=\"717\" height=\"443\" src=\"https:\/\/www.bilparkenrental.se\/wp-content\/uploads\/2024\/07\/Skarmbild-2024-07-16-191650.png\" class=\"attachment-large size-large wp-image-1432\" alt=\"\" srcset=\"https:\/\/www.bilparkenrental.se\/wp-content\/uploads\/2024\/07\/Skarmbild-2024-07-16-191650.png 717w, https:\/\/www.bilparkenrental.se\/wp-content\/uploads\/2024\/07\/Skarmbild-2024-07-16-191650-300x185.png 300w, https:\/\/www.bilparkenrental.se\/wp-content\/uploads\/2024\/07\/Skarmbild-2024-07-16-191650-600x371.png 600w\" sizes=\"(max-width: 717px) 100vw, 717px\" \/>\t\t\t\t\t\t\t\t\t\t\t\t\t\t\t<\/div>\n\t\t\t\t<\/div>\n\t\t\t\t<div class=\"elementor-element elementor-element-35e97c2 elementor-widget elementor-widget-text-editor\" data-id=\"35e97c2\" data-element_type=\"widget\" data-e-type=\"widget\" data-widget_type=\"text-editor.default\">\n\t\t\t\t<div class=\"elementor-widget-container\">\n\t\t\t\t\t\t\t\t\t<p><strong>Tobisviks camping \u2013<\/strong>You will find Tobisviks Camping in the best beach location about 2 km north of Simrishamn, in beautiful \u00d6sterlen. You can reach Simrishamn's well-preserved center, its beautiful marina and cozy houses in Gamla Stan via the pedestrian and bicycle path that runs parallel to the beach. <a href=\"https:\/\/tobisvikscamping.se\/\" target=\"_blank\" rel=\"noopener\">Click here to book.<\/a><\/p>\t\t\t\t\t\t\t\t<\/div>\n\t\t\t\t<\/div>\n\t\t\t\t<\/div>\n\t\t<div class=\"elementor-element elementor-element-0283b1a e-con-full e-flex e-con e-child\" data-id=\"0283b1a\" data-element_type=\"container\" data-e-type=\"container\">\n\t\t\t\t<div class=\"elementor-element elementor-element-48311c2 elementor-widget elementor-widget-image\" data-id=\"48311c2\" data-element_type=\"widget\" data-e-type=\"widget\" data-widget_type=\"image.default\">\n\t\t\t\t<div class=\"elementor-widget-container\">\n\t\t\t\t\t\t\t\t\t\t\t\t\t\t\t<img loading=\"lazy\" decoding=\"async\" width=\"716\" height=\"407\" src=\"https:\/\/www.bilparkenrental.se\/wp-content\/uploads\/2024\/07\/Skarmbild-2024-07-16-192238.png\" class=\"attachment-large size-large wp-image-1433\" alt=\"\" srcset=\"https:\/\/www.bilparkenrental.se\/wp-content\/uploads\/2024\/07\/Skarmbild-2024-07-16-192238.png 716w, https:\/\/www.bilparkenrental.se\/wp-content\/uploads\/2024\/07\/Skarmbild-2024-07-16-192238-300x171.png 300w, https:\/\/www.bilparkenrental.se\/wp-content\/uploads\/2024\/07\/Skarmbild-2024-07-16-192238-600x341.png 600w\" sizes=\"(max-width: 716px) 100vw, 716px\" \/>\t\t\t\t\t\t\t\t\t\t\t\t\t\t\t<\/div>\n\t\t\t\t<\/div>\n\t\t\t\t<div class=\"elementor-element elementor-element-998fb52 elementor-widget elementor-widget-text-editor\" data-id=\"998fb52\" data-element_type=\"widget\" data-e-type=\"widget\" data-widget_type=\"text-editor.default\">\n\t\t\t\t<div class=\"elementor-widget-container\">\n\t\t\t\t\t\t\t\t\t<p><strong>B\u00f6da Sand Camping \u2013 <\/strong>B\u00f6da Sand ensures an idyllic \u00d6land holiday that suits most people. On\u00a0\u00d6land's most beautiful\u00a0<a href=\"https:\/\/www.bodasand.se\/gora\/bad\/stranden\/\" target=\"_blank\" rel=\"noopener\">beach<\/a>, our two mile long and crisp white sandy beach, families, retirees, couples and friends gather. <a href=\"https:\/\/www.bodasand.se\/\" target=\"_blank\" rel=\"noopener\">Click here to book.<\/a><\/p>\t\t\t\t\t\t\t\t<\/div>\n\t\t\t\t<\/div>\n\t\t\t\t<\/div>\n\t\t<div class=\"elementor-element elementor-element-87fd224 e-con-full e-flex e-con e-child\" data-id=\"87fd224\" data-element_type=\"container\" data-e-type=\"container\">\n\t\t\t\t<div class=\"elementor-element elementor-element-af1c884 elementor-widget elementor-widget-image\" data-id=\"af1c884\" data-element_type=\"widget\" data-e-type=\"widget\" data-widget_type=\"image.default\">\n\t\t\t\t<div class=\"elementor-widget-container\">\n\t\t\t\t\t\t\t\t\t\t\t\t\t\t\t<img loading=\"lazy\" decoding=\"async\" width=\"724\" height=\"520\" src=\"https:\/\/www.bilparkenrental.se\/wp-content\/uploads\/2024\/07\/Skarmbild-2024-07-16-192648.png\" class=\"attachment-large size-large wp-image-1434\" alt=\"\" srcset=\"https:\/\/www.bilparkenrental.se\/wp-content\/uploads\/2024\/07\/Skarmbild-2024-07-16-192648.png 724w, https:\/\/www.bilparkenrental.se\/wp-content\/uploads\/2024\/07\/Skarmbild-2024-07-16-192648-300x215.png 300w, https:\/\/www.bilparkenrental.se\/wp-content\/uploads\/2024\/07\/Skarmbild-2024-07-16-192648-600x431.png 600w\" sizes=\"(max-width: 724px) 100vw, 724px\" \/>\t\t\t\t\t\t\t\t\t\t\t\t\t\t\t<\/div>\n\t\t\t\t<\/div>\n\t\t\t\t<div class=\"elementor-element elementor-element-9c23300 elementor-widget elementor-widget-text-editor\" data-id=\"9c23300\" data-element_type=\"widget\" data-e-type=\"widget\" data-widget_type=\"text-editor.default\">\n\t\t\t\t<div class=\"elementor-widget-container\">\n\t\t\t\t\t\t\t\t\t<p><strong>Lagunen Camping \u2013 <\/strong>is a beautiful and natural campsite that offers all the best of the west coast. Stay overnight at our campsite, with a caravan and motorhome or rent a cabin to enjoy the beauty of Bohusl\u00e4n. The proximity to both Koster and Str\u00f6mstad gives you the opportunity to create unforgettable memories at Lagunen Camping!<a href=\"https:\/\/www.lagunen.se\/\" target=\"_blank\" rel=\"noopener\"> Click here to book.<\/a><\/p>\t\t\t\t\t\t\t\t<\/div>\n\t\t\t\t<\/div>\n\t\t\t\t<\/div>\n\t\t<div class=\"elementor-element elementor-element-31f11f1 e-con-full e-flex e-con e-child\" data-id=\"31f11f1\" data-element_type=\"container\" data-e-type=\"container\">\n\t\t\t\t<div class=\"elementor-element elementor-element-bbb9f9c elementor-widget elementor-widget-image\" data-id=\"bbb9f9c\" data-element_type=\"widget\" data-e-type=\"widget\" data-widget_type=\"image.default\">\n\t\t\t\t<div class=\"elementor-widget-container\">\n\t\t\t\t\t\t\t\t\t\t\t\t\t\t\t<img loading=\"lazy\" decoding=\"async\" width=\"639\" height=\"355\" src=\"https:\/\/www.bilparkenrental.se\/wp-content\/uploads\/2024\/07\/Skarmbild-2024-07-16-193527.png\" class=\"attachment-large size-large wp-image-1435\" alt=\"\" srcset=\"https:\/\/www.bilparkenrental.se\/wp-content\/uploads\/2024\/07\/Skarmbild-2024-07-16-193527.png 639w, https:\/\/www.bilparkenrental.se\/wp-content\/uploads\/2024\/07\/Skarmbild-2024-07-16-193527-300x167.png 300w, https:\/\/www.bilparkenrental.se\/wp-content\/uploads\/2024\/07\/Skarmbild-2024-07-16-193527-600x333.png 600w\" sizes=\"(max-width: 639px) 100vw, 639px\" \/>\t\t\t\t\t\t\t\t\t\t\t\t\t\t\t<\/div>\n\t\t\t\t<\/div>\n\t\t\t\t<div class=\"elementor-element elementor-element-c0c163c elementor-widget elementor-widget-text-editor\" data-id=\"c0c163c\" data-element_type=\"widget\" data-e-type=\"widget\" data-widget_type=\"text-editor.default\">\n\t\t\t\t<div class=\"elementor-widget-container\">\n\t\t\t\t\t\t\t\t\t<p><strong>Daft\u00f6 Resort \u2013 <\/strong>At Daft\u00f6 Resort in Str\u00f6mstad, every day is an adventure! A large range of activities with and without Daft\u00f6 pirates is included in the accommodation price, you live next door to the Daft\u00f6land amusement park and you can stay exactly as you want - in a cabin, hotel, campsite or guest harbour. A family adventure to remember! <a href=\"https:\/\/www.dafto.se\/\" target=\"_blank\" rel=\"noopener\">Click here to book.<\/a><\/p>\t\t\t\t\t\t\t\t<\/div>\n\t\t\t\t<\/div>\n\t\t\t\t<\/div>\n\t\t<div class=\"elementor-element elementor-element-a352e04 e-con-full e-flex e-con e-child\" data-id=\"a352e04\" data-element_type=\"container\" data-e-type=\"container\">\n\t\t\t\t<div class=\"elementor-element elementor-element-fe0ca63 elementor-widget__width-initial elementor-widget elementor-widget-image\" data-id=\"fe0ca63\" data-element_type=\"widget\" data-e-type=\"widget\" data-widget_type=\"image.default\">\n\t\t\t\t<div class=\"elementor-widget-container\">\n\t\t\t\t\t\t\t\t\t\t\t\t\t\t\t<img loading=\"lazy\" decoding=\"async\" width=\"295\" height=\"298\" src=\"https:\/\/www.bilparkenrental.se\/wp-content\/uploads\/2024\/11\/Skarmbild-2024-11-13-125655.png\" class=\"attachment-full size-full wp-image-1601\" alt=\"\" srcset=\"https:\/\/www.bilparkenrental.se\/wp-content\/uploads\/2024\/11\/Skarmbild-2024-11-13-125655.png 295w, https:\/\/www.bilparkenrental.se\/wp-content\/uploads\/2024\/11\/Skarmbild-2024-11-13-125655-100x100.png 100w\" sizes=\"(max-width: 295px) 100vw, 295px\" \/>\t\t\t\t\t\t\t\t\t\t\t\t\t\t\t<\/div>\n\t\t\t\t<\/div>\n\t\t\t\t<div class=\"elementor-element elementor-element-8024adb elementor-widget elementor-widget-text-editor\" data-id=\"8024adb\" data-element_type=\"widget\" data-e-type=\"widget\" data-widget_type=\"text-editor.default\">\n\t\t\t\t<div class=\"elementor-widget-container\">\n\t\t\t\t\t\t\t\t\t<p><span style=\"white-space-collapse: preserve; font-weight: bolder; text-align: center;\">Ulvereds Hjorth\u00e4ngn \u2013 <\/span><span style=\"color: #0d0d0d; font-family: ui-sans-serif, -apple-system, system-ui, 'Segoe UI', Helvetica, 'Apple Color Emoji', Arial, sans-serif, 'Segoe UI Emoji', 'Segoe UI Symbol';\">Ulvered's Hjorth\u00e4ngn is a unique and natural pitch for motorhomes, surrounded by beautiful forest and free-roaming deer. Here you can enjoy the peace and the genuine wilderness feeling, while at the same time you have access to amenities such as electricity and water. Take a walk along the deer fence, experience the wild nature, or enjoy a good dinner at the nearby farm restaurant where local produce and game meat are the focus. Ulvered's Hjorth\u00e4ngn is the perfect place for a relaxing break on the journey and a chance to get close to nature.\u00a0<\/span><a style=\"background-color: #ffffff; font-family: var( --e-global-typography-text-font-family ), Sans-serif; font-size: var( --e-global-typography-text-font-size ); font-weight: var( --e-global-typography-text-font-weight ); text-align: var(--text-align);\" href=\"https:\/\/ulvereds.se\/stallplatser-ulvereds-hjorthagn\/\" target=\"_blank\" rel=\"noopener\">Click here to book.<\/a><\/p>\t\t\t\t\t\t\t\t<\/div>\n\t\t\t\t<\/div>\n\t\t\t\t<\/div>\n\t\t\t\t\t<\/div>\n\t\t\t\t<\/div>\n\t\t\t\t<\/div>","protected":false},"excerpt":{"rendered":"<p>Hafsten Resort &#8211; En av v\u00e4stkustens mest sp\u00e4nnande fritids- och konferensanl\u00e4ggningar, bel\u00e4gen p\u00e5 en halv\u00f6 mitt i den vackra bohusl\u00e4nska sk\u00e4rg\u00e5rden strax utanf\u00f6r Uddevalla. Klicka h\u00e4r f\u00f6r att boka. Apelvikens Camping &#8211; Hallands enda femstj\u00e4rniga campingplats erbjuder en m\u00e4ngd boendealternativ som hotellrum, stugor, tv\u00e5 restauranger och en uppv\u00e4rmd pool! Klicka h\u00e4r f\u00f6r att boka. Tobisviks [&hellip;]<\/p>\n","protected":false},"author":1,"featured_media":0,"parent":0,"menu_order":0,"comment_status":"closed","ping_status":"closed","template":"","meta":{"footnotes":""},"class_list":["post-1392","page","type-page","status-publish","hentry"],"_links":{"self":[{"href":"https:\/\/www.bilparkenrental.se\/en\/wp-json\/wp\/v2\/pages\/1392","targetHints":{"allow":["GET"]}}],"collection":[{"href":"https:\/\/www.bilparkenrental.se\/en\/wp-json\/wp\/v2\/pages"}],"about":[{"href":"https:\/\/www.bilparkenrental.se\/en\/wp-json\/wp\/v2\/types\/page"}],"author":[{"embeddable":true,"href":"https:\/\/www.bilparkenrental.se\/en\/wp-json\/wp\/v2\/users\/1"}],"replies":[{"embeddable":true,"href":"https:\/\/www.bilparkenrental.se\/en\/wp-json\/wp\/v2\/comments?post=1392"}],"version-history":[{"count":0,"href":"https:\/\/www.bilparkenrental.se\/en\/wp-json\/wp\/v2\/pages\/1392\/revisions"}],"wp:attachment":[{"href":"https:\/\/www.bilparkenrental.se\/en\/wp-json\/wp\/v2\/media?parent=1392"}],"curies":[{"name":"wp","href":"https:\/\/api.w.org\/{rel}","templated":true}]}}