{"id":1319,"date":"2024-07-15T22:50:01","date_gmt":"2024-07-15T20:50:01","guid":{"rendered":"https:\/\/www.bilparkenrental.se\/?page_id=1319"},"modified":"2024-07-15T23:40:12","modified_gmt":"2024-07-15T21:40:12","slug":"unpacking-france","status":"publish","type":"page","link":"https:\/\/www.bilparkenrental.se\/en\/upptack-frankrike\/","title":{"rendered":"Discover France"},"content":{"rendered":"<div data-elementor-type=\"wp-page\" data-elementor-id=\"1319\" class=\"elementor elementor-1319\" data-elementor-post-type=\"page\">\n\t\t\t\t<div class=\"elementor-element elementor-element-fe801ea e-flex e-con-boxed e-con e-parent\" data-id=\"fe801ea\" data-element_type=\"container\" data-e-type=\"container\">\n\t\t\t\t\t<div class=\"e-con-inner\">\n\t\t<div class=\"elementor-element elementor-element-458b014 e-con-full e-flex e-con e-child\" data-id=\"458b014\" data-element_type=\"container\" data-e-type=\"container\">\n\t\t\t\t<div class=\"elementor-element elementor-element-bd297ad elementor-widget elementor-widget-image\" data-id=\"bd297ad\" data-element_type=\"widget\" data-e-type=\"widget\" data-widget_type=\"image.default\">\n\t\t\t\t<div class=\"elementor-widget-container\">\n\t\t\t\t\t\t\t\t\t\t\t\t\t\t\t<img fetchpriority=\"high\" decoding=\"async\" width=\"683\" height=\"1024\" src=\"https:\/\/www.bilparkenrental.se\/wp-content\/uploads\/2024\/07\/john-jason-mpVZVCClgac-unsplash-683x1024.jpg\" class=\"attachment-large size-large wp-image-1348\" alt=\"\" srcset=\"https:\/\/www.bilparkenrental.se\/wp-content\/uploads\/2024\/07\/john-jason-mpVZVCClgac-unsplash-683x1024.jpg 683w, https:\/\/www.bilparkenrental.se\/wp-content\/uploads\/2024\/07\/john-jason-mpVZVCClgac-unsplash-200x300.jpg 200w, https:\/\/www.bilparkenrental.se\/wp-content\/uploads\/2024\/07\/john-jason-mpVZVCClgac-unsplash-768x1152.jpg 768w, https:\/\/www.bilparkenrental.se\/wp-content\/uploads\/2024\/07\/john-jason-mpVZVCClgac-unsplash-1024x1536.jpg 1024w, https:\/\/www.bilparkenrental.se\/wp-content\/uploads\/2024\/07\/john-jason-mpVZVCClgac-unsplash-1366x2048.jpg 1366w, https:\/\/www.bilparkenrental.se\/wp-content\/uploads\/2024\/07\/john-jason-mpVZVCClgac-unsplash-600x900.jpg 600w, https:\/\/www.bilparkenrental.se\/wp-content\/uploads\/2024\/07\/john-jason-mpVZVCClgac-unsplash.jpg 1707w\" sizes=\"(max-width: 683px) 100vw, 683px\" \/>\t\t\t\t\t\t\t\t\t\t\t\t\t\t\t<\/div>\n\t\t\t\t<\/div>\n\t\t\t\t<div class=\"elementor-element elementor-element-92248b2 elementor-widget elementor-widget-text-editor\" data-id=\"92248b2\" data-element_type=\"widget\" data-e-type=\"widget\" data-widget_type=\"text-editor.default\">\n\t\t\t\t<div class=\"elementor-widget-container\">\n\t\t\t\t\t\t\t\t\t<p><strong>French Riviera \u2013 <\/strong>Discover the glamorous coastline along the French Riviera, with cities such as Nice, Cannes and Saint-Tropez. Enjoy Mediterranean beaches, picturesque harbors and luxury boutique shops.<\/p>\t\t\t\t\t\t\t\t<\/div>\n\t\t\t\t<\/div>\n\t\t\t\t<\/div>\n\t\t<div class=\"elementor-element elementor-element-d363f6e e-con-full e-flex e-con e-child\" data-id=\"d363f6e\" data-element_type=\"container\" data-e-type=\"container\">\n\t\t\t\t<div class=\"elementor-element elementor-element-c55440b elementor-widget elementor-widget-image\" data-id=\"c55440b\" data-element_type=\"widget\" data-e-type=\"widget\" data-widget_type=\"image.default\">\n\t\t\t\t<div class=\"elementor-widget-container\">\n\t\t\t\t\t\t\t\t\t\t\t\t\t\t\t<img decoding=\"async\" width=\"683\" height=\"1024\" src=\"https:\/\/www.bilparkenrental.se\/wp-content\/uploads\/2024\/07\/thomas-despeyroux-2aGaN2oDPQI-unsplash-683x1024.jpg\" class=\"attachment-large size-large wp-image-1347\" alt=\"\" srcset=\"https:\/\/www.bilparkenrental.se\/wp-content\/uploads\/2024\/07\/thomas-despeyroux-2aGaN2oDPQI-unsplash-683x1024.jpg 683w, https:\/\/www.bilparkenrental.se\/wp-content\/uploads\/2024\/07\/thomas-despeyroux-2aGaN2oDPQI-unsplash-200x300.jpg 200w, https:\/\/www.bilparkenrental.se\/wp-content\/uploads\/2024\/07\/thomas-despeyroux-2aGaN2oDPQI-unsplash-768x1152.jpg 768w, https:\/\/www.bilparkenrental.se\/wp-content\/uploads\/2024\/07\/thomas-despeyroux-2aGaN2oDPQI-unsplash-1024x1536.jpg 1024w, https:\/\/www.bilparkenrental.se\/wp-content\/uploads\/2024\/07\/thomas-despeyroux-2aGaN2oDPQI-unsplash-1365x2048.jpg 1365w, https:\/\/www.bilparkenrental.se\/wp-content\/uploads\/2024\/07\/thomas-despeyroux-2aGaN2oDPQI-unsplash-600x900.jpg 600w, https:\/\/www.bilparkenrental.se\/wp-content\/uploads\/2024\/07\/thomas-despeyroux-2aGaN2oDPQI-unsplash-scaled.jpg 1707w\" sizes=\"(max-width: 683px) 100vw, 683px\" \/>\t\t\t\t\t\t\t\t\t\t\t\t\t\t\t<\/div>\n\t\t\t\t<\/div>\n\t\t\t\t<div class=\"elementor-element elementor-element-1402013 elementor-widget elementor-widget-text-editor\" data-id=\"1402013\" data-element_type=\"widget\" data-e-type=\"widget\" data-widget_type=\"text-editor.default\">\n\t\t\t\t<div class=\"elementor-widget-container\">\n\t\t\t\t\t\t\t\t\t<p><strong>Provence \u2013<\/strong> Explore Provence with its colorful fields of lavender and sunflowers, historic villages such as Gordes and Roussillon, and cities such as Avignon and Aix-en-Provence. Also visit the famous vineyards and taste the local wine.<\/p>\t\t\t\t\t\t\t\t<\/div>\n\t\t\t\t<\/div>\n\t\t\t\t<\/div>\n\t\t<div class=\"elementor-element elementor-element-ee0e4e5 e-con-full e-flex e-con e-child\" data-id=\"ee0e4e5\" data-element_type=\"container\" data-e-type=\"container\">\n\t\t\t\t<div class=\"elementor-element elementor-element-5e888c1 elementor-widget elementor-widget-image\" data-id=\"5e888c1\" data-element_type=\"widget\" data-e-type=\"widget\" data-widget_type=\"image.default\">\n\t\t\t\t<div class=\"elementor-widget-container\">\n\t\t\t\t\t\t\t\t\t\t\t\t\t\t\t<img decoding=\"async\" width=\"800\" height=\"534\" src=\"https:\/\/www.bilparkenrental.se\/wp-content\/uploads\/2024\/07\/dorian-mongel-PuRFKwR4B2o-unsplash-1024x683.jpg\" class=\"attachment-large size-large wp-image-1346\" alt=\"\" srcset=\"https:\/\/www.bilparkenrental.se\/wp-content\/uploads\/2024\/07\/dorian-mongel-PuRFKwR4B2o-unsplash-1024x683.jpg 1024w, https:\/\/www.bilparkenrental.se\/wp-content\/uploads\/2024\/07\/dorian-mongel-PuRFKwR4B2o-unsplash-300x200.jpg 300w, https:\/\/www.bilparkenrental.se\/wp-content\/uploads\/2024\/07\/dorian-mongel-PuRFKwR4B2o-unsplash-768x512.jpg 768w, https:\/\/www.bilparkenrental.se\/wp-content\/uploads\/2024\/07\/dorian-mongel-PuRFKwR4B2o-unsplash-1536x1024.jpg 1536w, https:\/\/www.bilparkenrental.se\/wp-content\/uploads\/2024\/07\/dorian-mongel-PuRFKwR4B2o-unsplash-2048x1365.jpg 2048w, https:\/\/www.bilparkenrental.se\/wp-content\/uploads\/2024\/07\/dorian-mongel-PuRFKwR4B2o-unsplash-600x400.jpg 600w\" sizes=\"(max-width: 800px) 100vw, 800px\" \/>\t\t\t\t\t\t\t\t\t\t\t\t\t\t\t<\/div>\n\t\t\t\t<\/div>\n\t\t\t\t<div class=\"elementor-element elementor-element-2848466 elementor-widget elementor-widget-text-editor\" data-id=\"2848466\" data-element_type=\"widget\" data-e-type=\"widget\" data-widget_type=\"text-editor.default\">\n\t\t\t\t<div class=\"elementor-widget-container\">\n\t\t\t\t\t\t\t\t\t<p><strong>Loire Valley \u2013<\/strong>\u00a0Discover the castles of the Loire Valley, such as Ch\u00e2teau de Chambord, Ch\u00e2teau de Chenonceau and Ch\u00e2teau de Villandry. Also explore charming towns such as Tours and Amboise, and enjoy the green landscapes along the Loire River.<\/p>\t\t\t\t\t\t\t\t<\/div>\n\t\t\t\t<\/div>\n\t\t\t\t<\/div>\n\t\t<div class=\"elementor-element elementor-element-c53f8f7 e-con-full e-flex e-con e-child\" data-id=\"c53f8f7\" data-element_type=\"container\" data-e-type=\"container\">\n\t\t\t\t<div class=\"elementor-element elementor-element-0992f41 elementor-widget elementor-widget-image\" data-id=\"0992f41\" data-element_type=\"widget\" data-e-type=\"widget\" data-widget_type=\"image.default\">\n\t\t\t\t<div class=\"elementor-widget-container\">\n\t\t\t\t\t\t\t\t\t\t\t\t\t\t\t<img loading=\"lazy\" decoding=\"async\" width=\"683\" height=\"1024\" src=\"https:\/\/www.bilparkenrental.se\/wp-content\/uploads\/2024\/07\/heloise-delbos-MZKxJHxwzf0-unsplash-683x1024.jpg\" class=\"attachment-large size-large wp-image-1354\" alt=\"\" srcset=\"https:\/\/www.bilparkenrental.se\/wp-content\/uploads\/2024\/07\/heloise-delbos-MZKxJHxwzf0-unsplash-683x1024.jpg 683w, https:\/\/www.bilparkenrental.se\/wp-content\/uploads\/2024\/07\/heloise-delbos-MZKxJHxwzf0-unsplash-200x300.jpg 200w, https:\/\/www.bilparkenrental.se\/wp-content\/uploads\/2024\/07\/heloise-delbos-MZKxJHxwzf0-unsplash-768x1152.jpg 768w, https:\/\/www.bilparkenrental.se\/wp-content\/uploads\/2024\/07\/heloise-delbos-MZKxJHxwzf0-unsplash-1024x1536.jpg 1024w, https:\/\/www.bilparkenrental.se\/wp-content\/uploads\/2024\/07\/heloise-delbos-MZKxJHxwzf0-unsplash-1365x2048.jpg 1365w, https:\/\/www.bilparkenrental.se\/wp-content\/uploads\/2024\/07\/heloise-delbos-MZKxJHxwzf0-unsplash-600x900.jpg 600w, https:\/\/www.bilparkenrental.se\/wp-content\/uploads\/2024\/07\/heloise-delbos-MZKxJHxwzf0-unsplash-scaled.jpg 1706w\" sizes=\"(max-width: 683px) 100vw, 683px\" \/>\t\t\t\t\t\t\t\t\t\t\t\t\t\t\t<\/div>\n\t\t\t\t<\/div>\n\t\t\t\t<div class=\"elementor-element elementor-element-61fd87a elementor-widget elementor-widget-text-editor\" data-id=\"61fd87a\" data-element_type=\"widget\" data-e-type=\"widget\" data-widget_type=\"text-editor.default\">\n\t\t\t\t<div class=\"elementor-widget-container\">\n\t\t\t\t\t\t\t\t\t<p><strong>Normandie \u2013<\/strong> Visit Normandy's dramatic coastline with cliffs and beaches such as \u00c9tretat and Omaha Beach. Discover historical sites such as Mont-Saint-Michel, and sample the region's delicious food and drinks, including cider and camembert.<\/p>\t\t\t\t\t\t\t\t<\/div>\n\t\t\t\t<\/div>\n\t\t\t\t<\/div>\n\t\t\t\t\t<\/div>\n\t\t\t\t<\/div>\n\t\t<div class=\"elementor-element elementor-element-dcf69c1 e-flex e-con-boxed e-con e-parent\" data-id=\"dcf69c1\" data-element_type=\"container\" data-e-type=\"container\">\n\t\t\t\t\t<div class=\"e-con-inner\">\n\t\t<div class=\"elementor-element elementor-element-59c39bf e-con-full e-flex e-con e-child\" data-id=\"59c39bf\" data-element_type=\"container\" data-e-type=\"container\">\n\t\t\t\t<div class=\"elementor-element elementor-element-4088f83 elementor-widget elementor-widget-image\" data-id=\"4088f83\" data-element_type=\"widget\" data-e-type=\"widget\" data-widget_type=\"image.default\">\n\t\t\t\t<div class=\"elementor-widget-container\">\n\t\t\t\t\t\t\t\t\t\t\t\t\t\t\t<img loading=\"lazy\" decoding=\"async\" width=\"683\" height=\"1024\" src=\"https:\/\/www.bilparkenrental.se\/wp-content\/uploads\/2024\/07\/guillaume-issaly-2JlTLZs8JfM-unsplash-683x1024.jpg\" class=\"attachment-large size-large wp-image-1352\" alt=\"\" srcset=\"https:\/\/www.bilparkenrental.se\/wp-content\/uploads\/2024\/07\/guillaume-issaly-2JlTLZs8JfM-unsplash-683x1024.jpg 683w, https:\/\/www.bilparkenrental.se\/wp-content\/uploads\/2024\/07\/guillaume-issaly-2JlTLZs8JfM-unsplash-200x300.jpg 200w, https:\/\/www.bilparkenrental.se\/wp-content\/uploads\/2024\/07\/guillaume-issaly-2JlTLZs8JfM-unsplash-768x1152.jpg 768w, https:\/\/www.bilparkenrental.se\/wp-content\/uploads\/2024\/07\/guillaume-issaly-2JlTLZs8JfM-unsplash-1024x1536.jpg 1024w, https:\/\/www.bilparkenrental.se\/wp-content\/uploads\/2024\/07\/guillaume-issaly-2JlTLZs8JfM-unsplash-1365x2048.jpg 1365w, https:\/\/www.bilparkenrental.se\/wp-content\/uploads\/2024\/07\/guillaume-issaly-2JlTLZs8JfM-unsplash-600x900.jpg 600w, https:\/\/www.bilparkenrental.se\/wp-content\/uploads\/2024\/07\/guillaume-issaly-2JlTLZs8JfM-unsplash-scaled.jpg 1706w\" sizes=\"(max-width: 683px) 100vw, 683px\" \/>\t\t\t\t\t\t\t\t\t\t\t\t\t\t\t<\/div>\n\t\t\t\t<\/div>\n\t\t\t\t<div class=\"elementor-element elementor-element-3b587b7 elementor-widget elementor-widget-text-editor\" data-id=\"3b587b7\" data-element_type=\"widget\" data-e-type=\"widget\" data-widget_type=\"text-editor.default\">\n\t\t\t\t<div class=\"elementor-widget-container\">\n\t\t\t\t\t\t\t\t\t<p><strong>Bretagne \u2013\u00a0<\/strong> Explore the coast of Brittany with its coves and picturesque fishing villages such as Dinan and Saint-Malo. Visit Carnac with its rows of stones and experience the unique Celtic culture and music.<\/p>\t\t\t\t\t\t\t\t<\/div>\n\t\t\t\t<\/div>\n\t\t\t\t<\/div>\n\t\t<div class=\"elementor-element elementor-element-88750dd e-con-full e-flex e-con e-child\" data-id=\"88750dd\" data-element_type=\"container\" data-e-type=\"container\">\n\t\t\t\t<div class=\"elementor-element elementor-element-c275620 elementor-widget elementor-widget-image\" data-id=\"c275620\" data-element_type=\"widget\" data-e-type=\"widget\" data-widget_type=\"image.default\">\n\t\t\t\t<div class=\"elementor-widget-container\">\n\t\t\t\t\t\t\t\t\t\t\t\t\t\t\t<img loading=\"lazy\" decoding=\"async\" width=\"768\" height=\"1024\" src=\"https:\/\/www.bilparkenrental.se\/wp-content\/uploads\/2024\/07\/nellia-kurme-Pjahvxsub28-unsplash-768x1024.jpg\" class=\"attachment-large size-large wp-image-1351\" alt=\"\" srcset=\"https:\/\/www.bilparkenrental.se\/wp-content\/uploads\/2024\/07\/nellia-kurme-Pjahvxsub28-unsplash-768x1024.jpg 768w, https:\/\/www.bilparkenrental.se\/wp-content\/uploads\/2024\/07\/nellia-kurme-Pjahvxsub28-unsplash-225x300.jpg 225w, https:\/\/www.bilparkenrental.se\/wp-content\/uploads\/2024\/07\/nellia-kurme-Pjahvxsub28-unsplash-1152x1536.jpg 1152w, https:\/\/www.bilparkenrental.se\/wp-content\/uploads\/2024\/07\/nellia-kurme-Pjahvxsub28-unsplash-1536x2048.jpg 1536w, https:\/\/www.bilparkenrental.se\/wp-content\/uploads\/2024\/07\/nellia-kurme-Pjahvxsub28-unsplash-600x800.jpg 600w, https:\/\/www.bilparkenrental.se\/wp-content\/uploads\/2024\/07\/nellia-kurme-Pjahvxsub28-unsplash-scaled.jpg 1920w\" sizes=\"(max-width: 768px) 100vw, 768px\" \/>\t\t\t\t\t\t\t\t\t\t\t\t\t\t\t<\/div>\n\t\t\t\t<\/div>\n\t\t\t\t<div class=\"elementor-element elementor-element-54d92bc elementor-widget elementor-widget-text-editor\" data-id=\"54d92bc\" data-element_type=\"widget\" data-e-type=\"widget\" data-widget_type=\"text-editor.default\">\n\t\t\t\t<div class=\"elementor-widget-container\">\n\t\t\t\t\t\t\t\t\t<p><strong>The Alps \u2013<\/strong>\u00a0Drive through the French Alps and enjoy stunning mountain scenery, such as Alpe d'Huez and Chamonix. Experience winter sports such as skiing and snowboarding in the winter, or hiking and cycling in the summer.<\/p>\t\t\t\t\t\t\t\t<\/div>\n\t\t\t\t<\/div>\n\t\t\t\t<\/div>\n\t\t<div class=\"elementor-element elementor-element-0ccca3a e-con-full e-flex e-con e-child\" data-id=\"0ccca3a\" data-element_type=\"container\" data-e-type=\"container\">\n\t\t\t\t<div class=\"elementor-element elementor-element-3c91b98 elementor-widget elementor-widget-image\" data-id=\"3c91b98\" data-element_type=\"widget\" data-e-type=\"widget\" data-widget_type=\"image.default\">\n\t\t\t\t<div class=\"elementor-widget-container\">\n\t\t\t\t\t\t\t\t\t\t\t\t\t\t\t<img loading=\"lazy\" decoding=\"async\" width=\"768\" height=\"1024\" src=\"https:\/\/www.bilparkenrental.se\/wp-content\/uploads\/2024\/07\/clemence-bergougnoux-RqlWx10Fnto-unsplash-768x1024.jpg\" class=\"attachment-large size-large wp-image-1350\" alt=\"\" srcset=\"https:\/\/www.bilparkenrental.se\/wp-content\/uploads\/2024\/07\/clemence-bergougnoux-RqlWx10Fnto-unsplash-768x1024.jpg 768w, https:\/\/www.bilparkenrental.se\/wp-content\/uploads\/2024\/07\/clemence-bergougnoux-RqlWx10Fnto-unsplash-225x300.jpg 225w, https:\/\/www.bilparkenrental.se\/wp-content\/uploads\/2024\/07\/clemence-bergougnoux-RqlWx10Fnto-unsplash-1152x1536.jpg 1152w, https:\/\/www.bilparkenrental.se\/wp-content\/uploads\/2024\/07\/clemence-bergougnoux-RqlWx10Fnto-unsplash-1536x2048.jpg 1536w, https:\/\/www.bilparkenrental.se\/wp-content\/uploads\/2024\/07\/clemence-bergougnoux-RqlWx10Fnto-unsplash-600x800.jpg 600w, https:\/\/www.bilparkenrental.se\/wp-content\/uploads\/2024\/07\/clemence-bergougnoux-RqlWx10Fnto-unsplash-scaled.jpg 1920w\" sizes=\"(max-width: 768px) 100vw, 768px\" \/>\t\t\t\t\t\t\t\t\t\t\t\t\t\t\t<\/div>\n\t\t\t\t<\/div>\n\t\t\t\t<div class=\"elementor-element elementor-element-1da4c68 elementor-widget elementor-widget-text-editor\" data-id=\"1da4c68\" data-element_type=\"widget\" data-e-type=\"widget\" data-widget_type=\"text-editor.default\">\n\t\t\t\t<div class=\"elementor-widget-container\">\n\t\t\t\t\t\t\t\t\t<p><strong>Alsace \u2013<\/strong>\u00a0Visit Alsace's picturesque villages such as Colmar and Strasbourg with their medieval quarters and colorful half-timbered houses. Also explore the region's vineyards and taste its unique food and wine.<\/p>\t\t\t\t\t\t\t\t<\/div>\n\t\t\t\t<\/div>\n\t\t\t\t<\/div>\n\t\t<div class=\"elementor-element elementor-element-201bda6 e-con-full e-flex e-con e-child\" data-id=\"201bda6\" data-element_type=\"container\" data-e-type=\"container\">\n\t\t\t\t<div class=\"elementor-element elementor-element-3063e35 elementor-widget elementor-widget-image\" data-id=\"3063e35\" data-element_type=\"widget\" data-e-type=\"widget\" data-widget_type=\"image.default\">\n\t\t\t\t<div class=\"elementor-widget-container\">\n\t\t\t\t\t\t\t\t\t\t\t\t\t\t\t<img loading=\"lazy\" decoding=\"async\" width=\"683\" height=\"1024\" src=\"https:\/\/www.bilparkenrental.se\/wp-content\/uploads\/2024\/07\/jorgen-hendriksen-sD87jGUzk-g-unsplash-683x1024.jpg\" class=\"attachment-large size-large wp-image-1349\" alt=\"\" srcset=\"https:\/\/www.bilparkenrental.se\/wp-content\/uploads\/2024\/07\/jorgen-hendriksen-sD87jGUzk-g-unsplash-683x1024.jpg 683w, https:\/\/www.bilparkenrental.se\/wp-content\/uploads\/2024\/07\/jorgen-hendriksen-sD87jGUzk-g-unsplash-200x300.jpg 200w, https:\/\/www.bilparkenrental.se\/wp-content\/uploads\/2024\/07\/jorgen-hendriksen-sD87jGUzk-g-unsplash-768x1152.jpg 768w, https:\/\/www.bilparkenrental.se\/wp-content\/uploads\/2024\/07\/jorgen-hendriksen-sD87jGUzk-g-unsplash-1024x1536.jpg 1024w, https:\/\/www.bilparkenrental.se\/wp-content\/uploads\/2024\/07\/jorgen-hendriksen-sD87jGUzk-g-unsplash-1365x2048.jpg 1365w, https:\/\/www.bilparkenrental.se\/wp-content\/uploads\/2024\/07\/jorgen-hendriksen-sD87jGUzk-g-unsplash-600x900.jpg 600w, https:\/\/www.bilparkenrental.se\/wp-content\/uploads\/2024\/07\/jorgen-hendriksen-sD87jGUzk-g-unsplash-scaled.jpg 1707w\" sizes=\"(max-width: 683px) 100vw, 683px\" \/>\t\t\t\t\t\t\t\t\t\t\t\t\t\t\t<\/div>\n\t\t\t\t<\/div>\n\t\t\t\t<div class=\"elementor-element elementor-element-cf00e3e elementor-widget elementor-widget-text-editor\" data-id=\"cf00e3e\" data-element_type=\"widget\" data-e-type=\"widget\" data-widget_type=\"text-editor.default\">\n\t\t\t\t<div class=\"elementor-widget-container\">\n\t\t\t\t\t\t\t\t\t<p><strong>C\u00f4te d\u2019Azur \u2013<\/strong>\u00a0Drive along the beautiful coast of the C\u00f4te d'Azur and visit Monaco with its casino, Antibes with its old town and Juan-les-Pins with its sandy beaches and nightlife.<\/p>\t\t\t\t\t\t\t\t<\/div>\n\t\t\t\t<\/div>\n\t\t\t\t<\/div>\n\t\t\t\t\t<\/div>\n\t\t\t\t<\/div>\n\t\t\t\t<\/div>","protected":false},"excerpt":{"rendered":"<p>Franska Rivieran &#8211; Uppt\u00e4ck den glamor\u00f6sa kusten l\u00e4ngs Franska Rivieran, med st\u00e4der som Nice, Cannes och Saint-Tropez. Njut av Medelhavets str\u00e4nder, pittoreska hamnar och lyxiga boutiquebutiker. Provence &#8211; Utforska Provence med dess f\u00e4rgglada f\u00e4lt av lavendel och solrosor, historiska byar som Gordes och Roussillon, och st\u00e4der som Avignon och Aix-en-Provence. Bes\u00f6k ocks\u00e5 de ber\u00f6mda ving\u00e5rdarna [&hellip;]<\/p>\n","protected":false},"author":1,"featured_media":0,"parent":0,"menu_order":0,"comment_status":"closed","ping_status":"closed","template":"","meta":{"footnotes":""},"class_list":["post-1319","page","type-page","status-publish","hentry"],"_links":{"self":[{"href":"https:\/\/www.bilparkenrental.se\/en\/wp-json\/wp\/v2\/pages\/1319","targetHints":{"allow":["GET"]}}],"collection":[{"href":"https:\/\/www.bilparkenrental.se\/en\/wp-json\/wp\/v2\/pages"}],"about":[{"href":"https:\/\/www.bilparkenrental.se\/en\/wp-json\/wp\/v2\/types\/page"}],"author":[{"embeddable":true,"href":"https:\/\/www.bilparkenrental.se\/en\/wp-json\/wp\/v2\/users\/1"}],"replies":[{"embeddable":true,"href":"https:\/\/www.bilparkenrental.se\/en\/wp-json\/wp\/v2\/comments?post=1319"}],"version-history":[{"count":0,"href":"https:\/\/www.bilparkenrental.se\/en\/wp-json\/wp\/v2\/pages\/1319\/revisions"}],"wp:attachment":[{"href":"https:\/\/www.bilparkenrental.se\/en\/wp-json\/wp\/v2\/media?parent=1319"}],"curies":[{"name":"wp","href":"https:\/\/api.w.org\/{rel}","templated":true}]}}