{"id":1317,"date":"2024-07-15T22:49:42","date_gmt":"2024-07-15T20:49:42","guid":{"rendered":"https:\/\/www.bilparkenrental.se\/?page_id=1317"},"modified":"2024-07-16T00:26:25","modified_gmt":"2024-07-15T22:26:25","slug":"unpacking-sweden","status":"publish","type":"page","link":"https:\/\/www.bilparkenrental.se\/en\/upptack-sverige\/","title":{"rendered":"Discover Sweden"},"content":{"rendered":"<div data-elementor-type=\"wp-page\" data-elementor-id=\"1317\" class=\"elementor elementor-1317\" data-elementor-post-type=\"page\">\n\t\t\t\t<div class=\"elementor-element elementor-element-075aba2 e-flex e-con-boxed e-con e-parent\" data-id=\"075aba2\" data-element_type=\"container\" data-e-type=\"container\">\n\t\t\t\t\t<div class=\"e-con-inner\">\n\t\t<div class=\"elementor-element elementor-element-2a3a469 e-con-full e-flex e-con e-child\" data-id=\"2a3a469\" data-element_type=\"container\" data-e-type=\"container\">\n\t\t\t\t<div class=\"elementor-element elementor-element-d765160 elementor-widget elementor-widget-image\" data-id=\"d765160\" data-element_type=\"widget\" data-e-type=\"widget\" data-widget_type=\"image.default\">\n\t\t\t\t<div class=\"elementor-widget-container\">\n\t\t\t\t\t\t\t\t\t\t\t\t\t\t\t<img fetchpriority=\"high\" decoding=\"async\" width=\"683\" height=\"1024\" src=\"https:\/\/www.bilparkenrental.se\/wp-content\/uploads\/2024\/07\/fredrik-ohlander-YAj4gy7jbLo-unsplash-683x1024.jpg\" class=\"attachment-large size-large wp-image-1331\" alt=\"\" srcset=\"https:\/\/www.bilparkenrental.se\/wp-content\/uploads\/2024\/07\/fredrik-ohlander-YAj4gy7jbLo-unsplash-683x1024.jpg 683w, https:\/\/www.bilparkenrental.se\/wp-content\/uploads\/2024\/07\/fredrik-ohlander-YAj4gy7jbLo-unsplash-200x300.jpg 200w, https:\/\/www.bilparkenrental.se\/wp-content\/uploads\/2024\/07\/fredrik-ohlander-YAj4gy7jbLo-unsplash-768x1152.jpg 768w, https:\/\/www.bilparkenrental.se\/wp-content\/uploads\/2024\/07\/fredrik-ohlander-YAj4gy7jbLo-unsplash-1024x1536.jpg 1024w, https:\/\/www.bilparkenrental.se\/wp-content\/uploads\/2024\/07\/fredrik-ohlander-YAj4gy7jbLo-unsplash-1365x2048.jpg 1365w, https:\/\/www.bilparkenrental.se\/wp-content\/uploads\/2024\/07\/fredrik-ohlander-YAj4gy7jbLo-unsplash-600x900.jpg 600w, https:\/\/www.bilparkenrental.se\/wp-content\/uploads\/2024\/07\/fredrik-ohlander-YAj4gy7jbLo-unsplash-scaled.jpg 1707w\" sizes=\"(max-width: 683px) 100vw, 683px\" \/>\t\t\t\t\t\t\t\t\t\t\t\t\t\t\t<\/div>\n\t\t\t\t<\/div>\n\t\t\t\t<div class=\"elementor-element elementor-element-831728a elementor-widget elementor-widget-text-editor\" data-id=\"831728a\" data-element_type=\"widget\" data-e-type=\"widget\" data-widget_type=\"text-editor.default\">\n\t\t\t\t<div class=\"elementor-widget-container\">\n\t\t\t\t\t\t\t\t\t<p><strong>Stockholm Archipelago \u2013<\/strong> Discover the scenic archipelago off the coast of Stockholm. Visit islands such as Vaxholm, Sandhamn and Grinda to enjoy the sea, fishing and charming small villages.<\/p>\t\t\t\t\t\t\t\t<\/div>\n\t\t\t\t<\/div>\n\t\t\t\t<\/div>\n\t\t<div class=\"elementor-element elementor-element-6ccbbbf e-con-full e-flex e-con e-child\" data-id=\"6ccbbbf\" data-element_type=\"container\" data-e-type=\"container\">\n\t\t\t\t<div class=\"elementor-element elementor-element-9207330 elementor-widget elementor-widget-image\" data-id=\"9207330\" data-element_type=\"widget\" data-e-type=\"widget\" data-widget_type=\"image.default\">\n\t\t\t\t<div class=\"elementor-widget-container\">\n\t\t\t\t\t\t\t\t\t\t\t\t\t\t\t<img decoding=\"async\" width=\"768\" height=\"1024\" src=\"https:\/\/www.bilparkenrental.se\/wp-content\/uploads\/2024\/07\/magnus-olin-O4psqFZVOMU-unsplash-768x1024.jpg\" class=\"attachment-large size-large wp-image-1332\" alt=\"\" srcset=\"https:\/\/www.bilparkenrental.se\/wp-content\/uploads\/2024\/07\/magnus-olin-O4psqFZVOMU-unsplash-768x1024.jpg 768w, https:\/\/www.bilparkenrental.se\/wp-content\/uploads\/2024\/07\/magnus-olin-O4psqFZVOMU-unsplash-225x300.jpg 225w, https:\/\/www.bilparkenrental.se\/wp-content\/uploads\/2024\/07\/magnus-olin-O4psqFZVOMU-unsplash-1152x1536.jpg 1152w, https:\/\/www.bilparkenrental.se\/wp-content\/uploads\/2024\/07\/magnus-olin-O4psqFZVOMU-unsplash-1536x2048.jpg 1536w, https:\/\/www.bilparkenrental.se\/wp-content\/uploads\/2024\/07\/magnus-olin-O4psqFZVOMU-unsplash-600x800.jpg 600w, https:\/\/www.bilparkenrental.se\/wp-content\/uploads\/2024\/07\/magnus-olin-O4psqFZVOMU-unsplash-scaled.jpg 1920w\" sizes=\"(max-width: 768px) 100vw, 768px\" \/>\t\t\t\t\t\t\t\t\t\t\t\t\t\t\t<\/div>\n\t\t\t\t<\/div>\n\t\t\t\t<div class=\"elementor-element elementor-element-bb9842e elementor-widget elementor-widget-text-editor\" data-id=\"bb9842e\" data-element_type=\"widget\" data-e-type=\"widget\" data-widget_type=\"text-editor.default\">\n\t\t\t\t<div class=\"elementor-widget-container\">\n\t\t\t\t\t\t\t\t\t<p><strong>Gotland \u2013 <\/strong>Take the ferry over to Gotland and explore this historic island with its medieval towns like Visby, beautiful beaches like Ljugarn and cultural attractions like F\u00e5r\u00f6 and its limestone landscape.<\/p>\t\t\t\t\t\t\t\t<\/div>\n\t\t\t\t<\/div>\n\t\t\t\t<\/div>\n\t\t<div class=\"elementor-element elementor-element-3bcc7d2 e-con-full e-flex e-con e-child\" data-id=\"3bcc7d2\" data-element_type=\"container\" data-e-type=\"container\">\n\t\t\t\t<div class=\"elementor-element elementor-element-c0bba8b elementor-widget elementor-widget-image\" data-id=\"c0bba8b\" data-element_type=\"widget\" data-e-type=\"widget\" data-widget_type=\"image.default\">\n\t\t\t\t<div class=\"elementor-widget-container\">\n\t\t\t\t\t\t\t\t\t\t\t\t\t\t\t<img decoding=\"async\" width=\"685\" height=\"1024\" src=\"https:\/\/www.bilparkenrental.se\/wp-content\/uploads\/2024\/07\/rasmus-jarborg-vEhMBKmlCzw-unsplash-1-685x1024.jpg\" class=\"attachment-large size-large wp-image-1334\" alt=\"\" srcset=\"https:\/\/www.bilparkenrental.se\/wp-content\/uploads\/2024\/07\/rasmus-jarborg-vEhMBKmlCzw-unsplash-1-685x1024.jpg 685w, https:\/\/www.bilparkenrental.se\/wp-content\/uploads\/2024\/07\/rasmus-jarborg-vEhMBKmlCzw-unsplash-1-201x300.jpg 201w, https:\/\/www.bilparkenrental.se\/wp-content\/uploads\/2024\/07\/rasmus-jarborg-vEhMBKmlCzw-unsplash-1-768x1148.jpg 768w, https:\/\/www.bilparkenrental.se\/wp-content\/uploads\/2024\/07\/rasmus-jarborg-vEhMBKmlCzw-unsplash-1-1027x1536.jpg 1027w, https:\/\/www.bilparkenrental.se\/wp-content\/uploads\/2024\/07\/rasmus-jarborg-vEhMBKmlCzw-unsplash-1-1370x2048.jpg 1370w, https:\/\/www.bilparkenrental.se\/wp-content\/uploads\/2024\/07\/rasmus-jarborg-vEhMBKmlCzw-unsplash-1-600x897.jpg 600w, https:\/\/www.bilparkenrental.se\/wp-content\/uploads\/2024\/07\/rasmus-jarborg-vEhMBKmlCzw-unsplash-1-scaled.jpg 1712w\" sizes=\"(max-width: 685px) 100vw, 685px\" \/>\t\t\t\t\t\t\t\t\t\t\t\t\t\t\t<\/div>\n\t\t\t\t<\/div>\n\t\t\t\t<div class=\"elementor-element elementor-element-876fdda elementor-widget elementor-widget-text-editor\" data-id=\"876fdda\" data-element_type=\"widget\" data-e-type=\"widget\" data-widget_type=\"text-editor.default\">\n\t\t\t\t<div class=\"elementor-widget-container\">\n\t\t\t\t\t\t\t\t\t<p><strong>West coast<\/strong> <strong>-<\/strong> Drive along the dramatic West Coast with its red cliffs and picturesque fishing villages such as Sm\u00f6gen, Fj\u00e4llbacka and Grebbestad. Enjoy the sea view, fresh seafood and sunsets over the sea.<\/p>\t\t\t\t\t\t\t\t<\/div>\n\t\t\t\t<\/div>\n\t\t\t\t<\/div>\n\t\t<div class=\"elementor-element elementor-element-2c61778 e-con-full e-flex e-con e-child\" data-id=\"2c61778\" data-element_type=\"container\" data-e-type=\"container\">\n\t\t\t\t<div class=\"elementor-element elementor-element-bf0eb37 elementor-widget elementor-widget-image\" data-id=\"bf0eb37\" data-element_type=\"widget\" data-e-type=\"widget\" data-widget_type=\"image.default\">\n\t\t\t\t<div class=\"elementor-widget-container\">\n\t\t\t\t\t\t\t\t\t\t\t\t\t\t\t<img loading=\"lazy\" decoding=\"async\" width=\"683\" height=\"1024\" src=\"https:\/\/www.bilparkenrental.se\/wp-content\/uploads\/2024\/07\/michael-odelberth-TX-A6lvpnJ4-unsplash-683x1024.jpg\" class=\"attachment-large size-large wp-image-1335\" alt=\"\" srcset=\"https:\/\/www.bilparkenrental.se\/wp-content\/uploads\/2024\/07\/michael-odelberth-TX-A6lvpnJ4-unsplash-683x1024.jpg 683w, https:\/\/www.bilparkenrental.se\/wp-content\/uploads\/2024\/07\/michael-odelberth-TX-A6lvpnJ4-unsplash-200x300.jpg 200w, https:\/\/www.bilparkenrental.se\/wp-content\/uploads\/2024\/07\/michael-odelberth-TX-A6lvpnJ4-unsplash-768x1152.jpg 768w, https:\/\/www.bilparkenrental.se\/wp-content\/uploads\/2024\/07\/michael-odelberth-TX-A6lvpnJ4-unsplash-1024x1536.jpg 1024w, https:\/\/www.bilparkenrental.se\/wp-content\/uploads\/2024\/07\/michael-odelberth-TX-A6lvpnJ4-unsplash-1365x2048.jpg 1365w, https:\/\/www.bilparkenrental.se\/wp-content\/uploads\/2024\/07\/michael-odelberth-TX-A6lvpnJ4-unsplash-600x900.jpg 600w, https:\/\/www.bilparkenrental.se\/wp-content\/uploads\/2024\/07\/michael-odelberth-TX-A6lvpnJ4-unsplash-scaled.jpg 1707w\" sizes=\"(max-width: 683px) 100vw, 683px\" \/>\t\t\t\t\t\t\t\t\t\t\t\t\t\t\t<\/div>\n\t\t\t\t<\/div>\n\t\t\t\t<div class=\"elementor-element elementor-element-b13011e elementor-widget elementor-widget-text-editor\" data-id=\"b13011e\" data-element_type=\"widget\" data-e-type=\"widget\" data-widget_type=\"text-editor.default\">\n\t\t\t\t<div class=\"elementor-widget-container\">\n\t\t\t\t\t\t\t\t\t<p><strong>Dalarna<\/strong> <strong>-<\/strong> Discover the beautiful nature of Dalarna with its deep forests, crystal clear lakes and traditional red cottages. Visit Falun with its famous copper mine, the Zorn Museum in Mora and the world heritage H\u00e4lsingeg\u00e5rdarna.<\/p>\t\t\t\t\t\t\t\t<\/div>\n\t\t\t\t<\/div>\n\t\t\t\t<\/div>\n\t\t\t\t\t<\/div>\n\t\t\t\t<\/div>\n\t\t<div class=\"elementor-element elementor-element-a31ef53 e-flex e-con-boxed e-con e-parent\" data-id=\"a31ef53\" data-element_type=\"container\" data-e-type=\"container\">\n\t\t\t\t\t<div class=\"e-con-inner\">\n\t\t<div class=\"elementor-element elementor-element-65d13a4 e-con-full e-flex e-con e-child\" data-id=\"65d13a4\" data-element_type=\"container\" data-e-type=\"container\">\n\t\t\t\t<div class=\"elementor-element elementor-element-f7f7b26 elementor-widget elementor-widget-image\" data-id=\"f7f7b26\" data-element_type=\"widget\" data-e-type=\"widget\" data-widget_type=\"image.default\">\n\t\t\t\t<div class=\"elementor-widget-container\">\n\t\t\t\t\t\t\t\t\t\t\t\t\t\t\t<img loading=\"lazy\" decoding=\"async\" width=\"800\" height=\"978\" src=\"https:\/\/www.bilparkenrental.se\/wp-content\/uploads\/2024\/07\/philipp-pilz-JsOlctJwniY-unsplash-838x1024.jpg\" class=\"attachment-large size-large wp-image-1340\" alt=\"\" srcset=\"https:\/\/www.bilparkenrental.se\/wp-content\/uploads\/2024\/07\/philipp-pilz-JsOlctJwniY-unsplash-838x1024.jpg 838w, https:\/\/www.bilparkenrental.se\/wp-content\/uploads\/2024\/07\/philipp-pilz-JsOlctJwniY-unsplash-245x300.jpg 245w, https:\/\/www.bilparkenrental.se\/wp-content\/uploads\/2024\/07\/philipp-pilz-JsOlctJwniY-unsplash-768x939.jpg 768w, https:\/\/www.bilparkenrental.se\/wp-content\/uploads\/2024\/07\/philipp-pilz-JsOlctJwniY-unsplash-1257x1536.jpg 1257w, https:\/\/www.bilparkenrental.se\/wp-content\/uploads\/2024\/07\/philipp-pilz-JsOlctJwniY-unsplash-1676x2048.jpg 1676w, https:\/\/www.bilparkenrental.se\/wp-content\/uploads\/2024\/07\/philipp-pilz-JsOlctJwniY-unsplash-600x733.jpg 600w\" sizes=\"(max-width: 800px) 100vw, 800px\" \/>\t\t\t\t\t\t\t\t\t\t\t\t\t\t\t<\/div>\n\t\t\t\t<\/div>\n\t\t\t\t<div class=\"elementor-element elementor-element-82e78a2 elementor-widget elementor-widget-text-editor\" data-id=\"82e78a2\" data-element_type=\"widget\" data-e-type=\"widget\" data-widget_type=\"text-editor.default\">\n\t\t\t\t<div class=\"elementor-widget-container\">\n\t\t\t\t\t\t\t\t\t<p><strong>J\u00e4mtlandsfj\u00e4llen<\/strong> <strong>-<\/strong> Discover the impressive mountain world in J\u00e4mtland with its vast landscapes, crystal clear lakes and fantastic hiking trails such as Kungsleden and Storulv\u00e5n. Take the opportunity to visit \u00c5re for skiing in the winter or for hiking and cycling in the summer.<\/p>\t\t\t\t\t\t\t\t<\/div>\n\t\t\t\t<\/div>\n\t\t\t\t<\/div>\n\t\t<div class=\"elementor-element elementor-element-6d111c3 e-con-full e-flex e-con e-child\" data-id=\"6d111c3\" data-element_type=\"container\" data-e-type=\"container\">\n\t\t\t\t<div class=\"elementor-element elementor-element-1e77abe elementor-widget elementor-widget-image\" data-id=\"1e77abe\" data-element_type=\"widget\" data-e-type=\"widget\" data-widget_type=\"image.default\">\n\t\t\t\t<div class=\"elementor-widget-container\">\n\t\t\t\t\t\t\t\t\t\t\t\t\t\t\t<img loading=\"lazy\" decoding=\"async\" width=\"800\" height=\"450\" src=\"https:\/\/www.bilparkenrental.se\/wp-content\/uploads\/2024\/07\/lars-jensen-bszBnGKTvLs-unsplash-1024x576.jpg\" class=\"attachment-large size-large wp-image-1339\" alt=\"\" srcset=\"https:\/\/www.bilparkenrental.se\/wp-content\/uploads\/2024\/07\/lars-jensen-bszBnGKTvLs-unsplash-1024x576.jpg 1024w, https:\/\/www.bilparkenrental.se\/wp-content\/uploads\/2024\/07\/lars-jensen-bszBnGKTvLs-unsplash-300x169.jpg 300w, https:\/\/www.bilparkenrental.se\/wp-content\/uploads\/2024\/07\/lars-jensen-bszBnGKTvLs-unsplash-768x432.jpg 768w, https:\/\/www.bilparkenrental.se\/wp-content\/uploads\/2024\/07\/lars-jensen-bszBnGKTvLs-unsplash-1536x864.jpg 1536w, https:\/\/www.bilparkenrental.se\/wp-content\/uploads\/2024\/07\/lars-jensen-bszBnGKTvLs-unsplash-2048x1152.jpg 2048w, https:\/\/www.bilparkenrental.se\/wp-content\/uploads\/2024\/07\/lars-jensen-bszBnGKTvLs-unsplash-600x338.jpg 600w\" sizes=\"(max-width: 800px) 100vw, 800px\" \/>\t\t\t\t\t\t\t\t\t\t\t\t\t\t\t<\/div>\n\t\t\t\t<\/div>\n\t\t\t\t<div class=\"elementor-element elementor-element-610af62 elementor-widget elementor-widget-text-editor\" data-id=\"610af62\" data-element_type=\"widget\" data-e-type=\"widget\" data-widget_type=\"text-editor.default\">\n\t\t\t\t<div class=\"elementor-widget-container\">\n\t\t\t\t\t\t\t\t\t<p><strong>Sk\u00e5ne och \u00d6sterlen \u2013 <\/strong>Explore Sk\u00e5ne with its diverse landscape of rolling plains, beech forests and coastal stretches. Visit \u00d6sterlen with its picturesque fishing villages such as Simrishamn and Kivik, beautiful beaches such as Sandhammaren and charming flea markets and art galleries.<\/p>\t\t\t\t\t\t\t\t<\/div>\n\t\t\t\t<\/div>\n\t\t\t\t<\/div>\n\t\t<div class=\"elementor-element elementor-element-204316b e-con-full e-flex e-con e-child\" data-id=\"204316b\" data-element_type=\"container\" data-e-type=\"container\">\n\t\t\t\t<div class=\"elementor-element elementor-element-b53763e elementor-widget elementor-widget-image\" data-id=\"b53763e\" data-element_type=\"widget\" data-e-type=\"widget\" data-widget_type=\"image.default\">\n\t\t\t\t<div class=\"elementor-widget-container\">\n\t\t\t\t\t\t\t\t\t\t\t\t\t\t\t<img loading=\"lazy\" decoding=\"async\" width=\"800\" height=\"534\" src=\"https:\/\/www.bilparkenrental.se\/wp-content\/uploads\/2024\/07\/Pierre-Andre-lifeofpix-photo2563-305901-1-1024x683.jpg\" class=\"attachment-large size-large wp-image-1337\" alt=\"\" srcset=\"https:\/\/www.bilparkenrental.se\/wp-content\/uploads\/2024\/07\/Pierre-Andre-lifeofpix-photo2563-305901-1-1024x683.jpg 1024w, https:\/\/www.bilparkenrental.se\/wp-content\/uploads\/2024\/07\/Pierre-Andre-lifeofpix-photo2563-305901-1-300x200.jpg 300w, https:\/\/www.bilparkenrental.se\/wp-content\/uploads\/2024\/07\/Pierre-Andre-lifeofpix-photo2563-305901-1-768x512.jpg 768w, https:\/\/www.bilparkenrental.se\/wp-content\/uploads\/2024\/07\/Pierre-Andre-lifeofpix-photo2563-305901-1-1536x1024.jpg 1536w, https:\/\/www.bilparkenrental.se\/wp-content\/uploads\/2024\/07\/Pierre-Andre-lifeofpix-photo2563-305901-1-2048x1365.jpg 2048w, https:\/\/www.bilparkenrental.se\/wp-content\/uploads\/2024\/07\/Pierre-Andre-lifeofpix-photo2563-305901-1-600x400.jpg 600w\" sizes=\"(max-width: 800px) 100vw, 800px\" \/>\t\t\t\t\t\t\t\t\t\t\t\t\t\t\t<\/div>\n\t\t\t\t<\/div>\n\t\t\t\t<div class=\"elementor-element elementor-element-f19eb4c elementor-widget elementor-widget-text-editor\" data-id=\"f19eb4c\" data-element_type=\"widget\" data-e-type=\"widget\" data-widget_type=\"text-editor.default\">\n\t\t\t\t<div class=\"elementor-widget-container\">\n\t\t\t\t\t\t\t\t\t<p><strong>G\u00f6ta kanal \u2013<\/strong>\u00a0Take a relaxing canal trip along the G\u00f6ta canal, one of Sweden's most impressive feats of engineering. Take the opportunity to visit historic places such as Vadstena and S\u00f6derk\u00f6ping, and enjoy the calm atmosphere and beautiful scenery along the canal's path.<\/p>\t\t\t\t\t\t\t\t<\/div>\n\t\t\t\t<\/div>\n\t\t\t\t<\/div>\n\t\t<div class=\"elementor-element elementor-element-f112996 e-con-full e-flex e-con e-child\" data-id=\"f112996\" data-element_type=\"container\" data-e-type=\"container\">\n\t\t\t\t<div class=\"elementor-element elementor-element-f111afe elementor-widget elementor-widget-image\" data-id=\"f111afe\" data-element_type=\"widget\" data-e-type=\"widget\" data-widget_type=\"image.default\">\n\t\t\t\t<div class=\"elementor-widget-container\">\n\t\t\t\t\t\t\t\t\t\t\t\t\t\t\t<img loading=\"lazy\" decoding=\"async\" width=\"800\" height=\"600\" src=\"https:\/\/www.bilparkenrental.se\/wp-content\/uploads\/2024\/07\/anders-noren-SdFwhjWJJCI-unsplash-1024x768.jpg\" class=\"attachment-large size-large wp-image-1341\" alt=\"\" srcset=\"https:\/\/www.bilparkenrental.se\/wp-content\/uploads\/2024\/07\/anders-noren-SdFwhjWJJCI-unsplash-1024x768.jpg 1024w, https:\/\/www.bilparkenrental.se\/wp-content\/uploads\/2024\/07\/anders-noren-SdFwhjWJJCI-unsplash-300x225.jpg 300w, https:\/\/www.bilparkenrental.se\/wp-content\/uploads\/2024\/07\/anders-noren-SdFwhjWJJCI-unsplash-768x576.jpg 768w, https:\/\/www.bilparkenrental.se\/wp-content\/uploads\/2024\/07\/anders-noren-SdFwhjWJJCI-unsplash-1536x1152.jpg 1536w, https:\/\/www.bilparkenrental.se\/wp-content\/uploads\/2024\/07\/anders-noren-SdFwhjWJJCI-unsplash-2048x1536.jpg 2048w, https:\/\/www.bilparkenrental.se\/wp-content\/uploads\/2024\/07\/anders-noren-SdFwhjWJJCI-unsplash-600x450.jpg 600w\" sizes=\"(max-width: 800px) 100vw, 800px\" \/>\t\t\t\t\t\t\t\t\t\t\t\t\t\t\t<\/div>\n\t\t\t\t<\/div>\n\t\t\t\t<div class=\"elementor-element elementor-element-1a20c03 elementor-widget elementor-widget-text-editor\" data-id=\"1a20c03\" data-element_type=\"widget\" data-e-type=\"widget\" data-widget_type=\"text-editor.default\">\n\t\t\t\t<div class=\"elementor-widget-container\">\n\t\t\t\t\t\t\t\t\t<p><strong>Norrbotten och Lappland \u2013<\/strong>Explore Sweden's arctic region with its magical midnight sun in summer and northern lights in winter. Visit towns like Kiruna and Jokkmokk, experience Sami culture and enjoy the wilderness in national parks like Abisko and Sarek.<\/p>\t\t\t\t\t\t\t\t<\/div>\n\t\t\t\t<\/div>\n\t\t\t\t<\/div>\n\t\t\t\t\t<\/div>\n\t\t\t\t<\/div>\n\t\t<div class=\"elementor-element elementor-element-f5d03bc e-flex e-con-boxed e-con e-parent\" data-id=\"f5d03bc\" data-element_type=\"container\" data-e-type=\"container\">\n\t\t\t\t\t<div class=\"e-con-inner\">\n\t\t\t\t\t<\/div>\n\t\t\t\t<\/div>\n\t\t\t\t<\/div>","protected":false},"excerpt":{"rendered":"<p>Stockholms sk\u00e4rg\u00e5rd &#8211; Uppt\u00e4ck den natursk\u00f6na sk\u00e4rg\u00e5rden utanf\u00f6r Stockholms kust. Bes\u00f6k \u00f6ar som Vaxholm, Sandhamn och Grinda f\u00f6r att njuta av havet, fiske, och charmiga sm\u00e5 byar. Gotland &#8211; Ta f\u00e4rjan \u00f6ver till Gotland och utforska denna historiska \u00f6 med sina medeltida st\u00e4der som Visby, vackra str\u00e4nder som Ljugarn och kulturella sev\u00e4rdheter som F\u00e5r\u00f6 och [&hellip;]<\/p>\n","protected":false},"author":1,"featured_media":0,"parent":0,"menu_order":0,"comment_status":"closed","ping_status":"closed","template":"","meta":{"footnotes":""},"class_list":["post-1317","page","type-page","status-publish","hentry"],"_links":{"self":[{"href":"https:\/\/www.bilparkenrental.se\/en\/wp-json\/wp\/v2\/pages\/1317","targetHints":{"allow":["GET"]}}],"collection":[{"href":"https:\/\/www.bilparkenrental.se\/en\/wp-json\/wp\/v2\/pages"}],"about":[{"href":"https:\/\/www.bilparkenrental.se\/en\/wp-json\/wp\/v2\/types\/page"}],"author":[{"embeddable":true,"href":"https:\/\/www.bilparkenrental.se\/en\/wp-json\/wp\/v2\/users\/1"}],"replies":[{"embeddable":true,"href":"https:\/\/www.bilparkenrental.se\/en\/wp-json\/wp\/v2\/comments?post=1317"}],"version-history":[{"count":0,"href":"https:\/\/www.bilparkenrental.se\/en\/wp-json\/wp\/v2\/pages\/1317\/revisions"}],"wp:attachment":[{"href":"https:\/\/www.bilparkenrental.se\/en\/wp-json\/wp\/v2\/media?parent=1317"}],"curies":[{"name":"wp","href":"https:\/\/api.w.org\/{rel}","templated":true}]}}