{"id":1248,"date":"2024-07-15T20:07:46","date_gmt":"2024-07-15T18:07:46","guid":{"rendered":"https:\/\/www.bilparkenrental.se\/?page_id=1248"},"modified":"2025-05-13T14:57:55","modified_gmt":"2025-05-13T12:57:55","slug":"electric-scooter-navee-v25","status":"publish","type":"page","link":"https:\/\/www.bilparkenrental.se\/en\/elsparkcyckel-navee-v25\/","title":{"rendered":"Electric scooter Navee v25"},"content":{"rendered":"<div data-elementor-type=\"wp-page\" data-elementor-id=\"1248\" class=\"elementor elementor-1248\" data-elementor-post-type=\"page\">\n\t\t\t\t<div class=\"elementor-element elementor-element-bb378f9 e-flex e-con-boxed e-con e-parent\" data-id=\"bb378f9\" data-element_type=\"container\" data-e-type=\"container\">\n\t\t\t\t\t<div class=\"e-con-inner\">\n\t\t<div class=\"elementor-element elementor-element-45a18c5 e-con-full e-flex e-con e-child\" data-id=\"45a18c5\" data-element_type=\"container\" data-e-type=\"container\">\n\t\t\t\t<div class=\"elementor-element elementor-element-145445c elementor-widget elementor-widget-text-editor\" data-id=\"145445c\" data-element_type=\"widget\" data-e-type=\"widget\" data-widget_type=\"text-editor.default\">\n\t\t\t\t<div class=\"elementor-widget-container\">\n\t\t\t\t\t\t\t\t\t<p data-start=\"199\" data-end=\"539\"><span class=\"_fadeIn_m1hgl_8\">Sum <\/span><span class=\"_fadeIn_m1hgl_8\">one <\/span><span class=\"_fadeIn_m1hgl_8\">smoothly <\/span><span class=\"_fadeIn_m1hgl_8\">and <\/span><span class=\"_fadeIn_m1hgl_8\">funny <\/span><span class=\"_fadeIn_m1hgl_8\">complement <\/span><span class=\"_fadeIn_m1hgl_8\">to <\/span><span class=\"_fadeIn_m1hgl_8\">your <\/span><span class=\"_fadeIn_m1hgl_8\">campervan trip <\/span><span class=\"_fadeIn_m1hgl_8\">offers <\/span><span class=\"_fadeIn_m1hgl_8\">Car fleet <\/span><span class=\"_fadeIn_m1hgl_8\">Rental <\/span><span class=\"_fadeIn_m1hgl_8\">AB <\/span><span class=\"_fadeIn_m1hgl_8\">letting <\/span><span class=\"_fadeIn_m1hgl_8\">of <\/span><span class=\"_fadeIn_m1hgl_8\">electric scooters <\/span><strong data-start=\"345\" data-end=\"358\"><span class=\"_fadeIn_m1hgl_8\">Navee <\/span><span class=\"_fadeIn_m1hgl_8\">V25<\/span><\/strong><span class=\"_fadeIn_m1hgl_8\">. <\/span><span class=\"_fadeIn_m1hgl_8\">This <\/span><span class=\"_fadeIn_m1hgl_8\">modern <\/span><span class=\"_fadeIn_m1hgl_8\">electric scooter <\/span><span class=\"_fadeIn_m1hgl_8\">is <\/span><span class=\"_fadeIn_m1hgl_8\">battery-powered <\/span><span class=\"_fadeIn_m1hgl_8\">and <\/span><span class=\"_fadeIn_m1hgl_8\">perfect <\/span><span class=\"_fadeIn_m1hgl_8\">for <\/span><span class=\"_fadeIn_m1hgl_8\">shorter <\/span><span class=\"_fadeIn_m1hgl_8\">excursions, <\/span><span class=\"_fadeIn_m1hgl_8\">cases <\/span><span class=\"_fadeIn_m1hgl_8\">or <\/span><span class=\"_fadeIn_m1hgl_8\">when <\/span><span class=\"_fadeIn_m1hgl_8\">you <\/span><span class=\"_fadeIn_m1hgl_8\">quickly <\/span><span class=\"_fadeIn_m1hgl_8\">wild <\/span><span class=\"_fadeIn_m1hgl_8\">your <\/span><span class=\"_fadeIn_m1hgl_8\">you <\/span><span class=\"_fadeIn_m1hgl_8\">round <\/span><span class=\"_fadeIn_m1hgl_8\">on <\/span><span class=\"_fadeIn_m1hgl_8\">campsites, <\/span><span class=\"_fadeIn_m1hgl_8\">i <\/span><span class=\"_fadeIn_m1hgl_8\">cities <\/span><span class=\"_fadeIn_m1hgl_8\">or <\/span><span class=\"_fadeIn_m1hgl_8\">i <\/span><span class=\"_fadeIn_m1hgl_8\">the neighbourhood <\/span><span class=\"_fadeIn_m1hgl_8\">of <\/span><span class=\"_fadeIn_m1hgl_8\">your <\/span><span class=\"_fadeIn_m1hgl_8\">parking place.<\/span><\/p>\n<h3 data-start=\"541\" data-end=\"572\"><strong data-start=\"545\" data-end=\"570\"><span class=\"_fadeIn_m1hgl_8\">1. <\/span><span class=\"_fadeIn_m1hgl_8\">Renting <\/span><span class=\"_fadeIn_m1hgl_8\">and <\/span><span class=\"_fadeIn_m1hgl_8\">taken<\/span><\/strong><\/h3>\n<p data-start=\"573\" data-end=\"696\"><span class=\"_fadeIn_m1hgl_8\">The electric scooter <\/span><span class=\"_fadeIn_m1hgl_8\">shepherds <\/span><span class=\"_fadeIn_m1hgl_8\">out <\/span><span class=\"_fadeIn_m1hgl_8\">to <\/span><span class=\"_fadeIn_m1hgl_8\">one <\/span><span class=\"_fadeIn_m1hgl_8\">almost <\/span><span class=\"_fadeIn_m1hgl_8\">taken <\/span><span class=\"_fadeIn_m1hgl_8\">of <\/span><strong data-start=\"617\" data-end=\"628\"><span class=\"_fadeIn_m1hgl_8\">850 <\/span><span class=\"_fadeIn_m1hgl_8\">SEC<\/span><\/strong> <span class=\"_fadeIn_m1hgl_8\">for <\/span><span class=\"_fadeIn_m1hgl_8\">whole <\/span><span class=\"_fadeIn_m1hgl_8\">the rental period, <\/span><span class=\"_fadeIn_m1hgl_8\">regardless of <\/span><span class=\"_fadeIn_m1hgl_8\">the number <\/span><span class=\"_fadeIn_m1hgl_8\">days. <\/span><span class=\"_fadeIn_m1hgl_8\">I <\/span><span class=\"_fadeIn_m1hgl_8\">the letting <\/span><span class=\"_fadeIn_m1hgl_8\">included:<\/span><\/p>\n<ul data-start=\"698\" data-end=\"764\">\n<li data-start=\"698\" data-end=\"738\">\n<p data-start=\"700\" data-end=\"738\"><span class=\"_fadeIn_m1hgl_8\">1 <\/span><span class=\"_fadeIn_m1hgl_8\">st <\/span><span class=\"_fadeIn_m1hgl_8\">electric scooter (<\/span><span class=\"_fadeIn_m1hgl_8\">model <\/span><span class=\"_fadeIn_m1hgl_8\">Navee <\/span><span class=\"_fadeIn_m1hgl_8\">V25)<\/span><\/p>\n<\/li>\n<li data-start=\"739\" data-end=\"764\">\n<p data-start=\"741\" data-end=\"764\"><span class=\"_fadeIn_m1hgl_8\">1 <\/span><span class=\"_fadeIn_m1hgl_8\">st <\/span><span class=\"_fadeIn_m1hgl_8\">original <\/span><span class=\"_fadeIn_m1hgl_8\">chargers<\/span><\/p>\n<\/li>\n<\/ul>\n<p data-start=\"766\" data-end=\"978\"><span class=\"_fadeIn_m1hgl_8\">Charging <\/span><span class=\"_fadeIn_m1hgl_8\">can <\/span><span class=\"_fadeIn_m1hgl_8\">spoon <\/span><span class=\"_fadeIn_m1hgl_8\">directly <\/span><span class=\"_fadeIn_m1hgl_8\">i <\/span><span class=\"_fadeIn_m1hgl_8\">the motorhome, <\/span><span class=\"_fadeIn_m1hgl_8\">provided <\/span><span class=\"_fadeIn_m1hgl_8\">that <\/span><span class=\"_fadeIn_m1hgl_8\">the vehicle <\/span><span class=\"_fadeIn_m1hgl_8\">is <\/span><span class=\"_fadeIn_m1hgl_8\">connected <\/span><span class=\"_fadeIn_m1hgl_8\">to <\/span><span class=\"_fadeIn_m1hgl_8\">external <\/span><span class=\"_fadeIn_m1hgl_8\">river <\/span><span class=\"_fadeIn_m1hgl_8\">via <\/span><span class=\"_fadeIn_m1hgl_8\">camping <\/span><span class=\"_fadeIn_m1hgl_8\">or <\/span><span class=\"_fadeIn_m1hgl_8\">car park connection. <\/span><span class=\"_fadeIn_m1hgl_8\">The loader <\/span><span class=\"_fadeIn_m1hgl_8\">shall <\/span><span class=\"_fadeIn_m1hgl_8\">only <\/span><span class=\"_fadeIn_m1hgl_8\">used <\/span><span class=\"_fadeIn_m1hgl_8\">indoors <\/span><span class=\"_fadeIn_m1hgl_8\">or <\/span><span class=\"_fadeIn_m1hgl_8\">i <\/span><span class=\"_fadeIn_m1hgl_8\">dry <\/span><span class=\"_fadeIn_m1hgl_8\">spaces <\/span><span class=\"_fadeIn_m1hgl_8\">for <\/span><span class=\"_fadeIn_m1hgl_8\">that <\/span><span class=\"_fadeIn_m1hgl_8\">avoid <\/span><span class=\"_fadeIn_m1hgl_8\">damage.<\/span><\/p>\n<h3 data-start=\"980\" data-end=\"1017\"><strong data-start=\"984\" data-end=\"1015\"><span class=\"_fadeIn_m1hgl_8\">2. <\/span><span class=\"_fadeIn_m1hgl_8\">Technical <\/span><span class=\"_fadeIn_m1hgl_8\">specifications<\/span><\/strong><\/h3>\n<ul data-start=\"1018\" data-end=\"1249\">\n<li data-start=\"1018\" data-end=\"1057\">\n<p data-start=\"1020\" data-end=\"1057\"><span class=\"_fadeIn_m1hgl_8\">Battery-powered <\/span><span class=\"_fadeIn_m1hgl_8\">none <\/span><span class=\"_fadeIn_m1hgl_8\">petrol <\/span><span class=\"_fadeIn_m1hgl_8\">needed<\/span><\/p>\n<\/li>\n<li data-start=\"1058\" data-end=\"1160\">\n<p data-start=\"1060\" data-end=\"1160\"><span class=\"_fadeIn_m1hgl_8\">Scope of application <\/span><span class=\"_fadeIn_m1hgl_8\">by <\/span><span class=\"_fadeIn_m1hgl_8\">full <\/span><span class=\"_fadeIn_m1hgl_8\">charging: <\/span><span class=\"_fadeIn_m1hgl_8\">approximately <\/span><strong data-start=\"1094\" data-end=\"1105\"><span class=\"_fadeIn_m1hgl_8\">2-<\/span><span class=\"_fadeIn_m1hgl_8\">3 <\/span><span class=\"_fadeIn_m1hgl_8\">millet<\/span><\/strong> <span class=\"_fadeIn_m1hgl_8\">dependency <\/span><span class=\"_fadeIn_m1hgl_8\">on <\/span><span class=\"_fadeIn_m1hgl_8\">terrain, <\/span><span class=\"_fadeIn_m1hgl_8\">temperature <\/span><span class=\"_fadeIn_m1hgl_8\">and <\/span><span class=\"_fadeIn_m1hgl_8\">the user's <\/span><span class=\"_fadeIn_m1hgl_8\">weight<\/span><\/p>\n<\/li>\n<li data-start=\"1161\" data-end=\"1199\">\n<p data-start=\"1163\" data-end=\"1199\"><span class=\"_fadeIn_m1hgl_8\">Maximum speed: <\/span><span class=\"_fadeIn_m1hgl_8\">up <\/span><span class=\"_fadeIn_m1hgl_8\">to <\/span><strong data-start=\"1186\" data-end=\"1197\"><span class=\"_fadeIn_m1hgl_8\">20 <\/span><span class=\"_fadeIn_m1hgl_8\">kilometres<\/span><span class=\"_fadeIn_m1hgl_8\">h<\/span><\/strong><\/p>\n<\/li>\n<li data-start=\"1200\" data-end=\"1249\">\n<p data-start=\"1202\" data-end=\"1249\"><span class=\"_fadeIn_m1hgl_8\">Canoe <\/span><span class=\"_fadeIn_m1hgl_8\">vikas <\/span><span class=\"_fadeIn_m1hgl_8\">together <\/span><span class=\"_fadeIn_m1hgl_8\">for <\/span><span class=\"_fadeIn_m1hgl_8\">only <\/span><span class=\"_fadeIn_m1hgl_8\">storage <\/span><span class=\"_fadeIn_m1hgl_8\">i <\/span><span class=\"_fadeIn_m1hgl_8\">the motorhome<\/span><\/p>\n<\/li>\n<\/ul>\n<h3 data-start=\"1251\" data-end=\"1282\"><strong data-start=\"1255\" data-end=\"1280\"><span class=\"_fadeIn_m1hgl_8\">3. <\/span><span class=\"_fadeIn_m1hgl_8\">Terms and conditions of use<\/span><\/strong><\/h3>\n<ul data-start=\"1283\" data-end=\"1816\">\n<li data-start=\"1283\" data-end=\"1327\">\n<p data-start=\"1285\" data-end=\"1327\"><strong data-start=\"1285\" data-end=\"1325\"><span class=\"_fadeIn_m1hgl_8\">Minimum age <\/span><span class=\"_fadeIn_m1hgl_8\">for <\/span><span class=\"_fadeIn_m1hgl_8\">use <\/span><span class=\"_fadeIn_m1hgl_8\">is <\/span><span class=\"_fadeIn_m1hgl_8\">15 <\/span><span class=\"_fadeIn_m1hgl_8\">years.<\/span><\/strong><\/p>\n<\/li>\n<li data-start=\"1328\" data-end=\"1405\">\n<p data-start=\"1330\" data-end=\"1405\"><span class=\"_fadeIn_m1hgl_8\">Helmet <\/span><span class=\"_fadeIn_m1hgl_8\">recommended <\/span><span class=\"_fadeIn_m1hgl_8\">strong <\/span><span class=\"_fadeIn_m1hgl_8\">wide <\/span><span class=\"_fadeIn_m1hgl_8\">all <\/span><span class=\"_fadeIn_m1hgl_8\">driving. <\/span><span class=\"_fadeIn_m1hgl_8\">Usage <\/span><span class=\"_fadeIn_m1hgl_8\">happens <\/span><span class=\"_fadeIn_m1hgl_8\">on <\/span><span class=\"_fadeIn_m1hgl_8\">own <\/span><span class=\"_fadeIn_m1hgl_8\">risk.<\/span><\/p>\n<\/li>\n<li data-start=\"1406\" data-end=\"1524\">\n<p data-start=\"1408\" data-end=\"1524\"><span class=\"_fadeIn_m1hgl_8\">The electric scooter <\/span><span class=\"_fadeIn_m1hgl_8\">is <\/span><span class=\"_fadeIn_m1hgl_8\">only <\/span><span class=\"_fadeIn_m1hgl_8\">intended <\/span><span class=\"_fadeIn_m1hgl_8\">for <\/span><strong data-start=\"1443\" data-end=\"1466\"><span class=\"_fadeIn_m1hgl_8\">and <\/span><span class=\"_fadeIn_m1hgl_8\">person <\/span><span class=\"_fadeIn_m1hgl_8\">ate <\/span><span class=\"_fadeIn_m1hgl_8\">Aisle<\/span><\/strong> <span class=\"_fadeIn_m1hgl_8\">and <\/span><span class=\"_fadeIn_m1hgl_8\">sheep <\/span><strong data-start=\"1475\" data-end=\"1521\"><span class=\"_fadeIn_m1hgl_8\">not <\/span><span class=\"_fadeIn_m1hgl_8\">be presented <\/span><span class=\"_fadeIn_m1hgl_8\">of <\/span><span class=\"_fadeIn_m1hgl_8\">several <\/span><span class=\"_fadeIn_m1hgl_8\">persons <\/span><span class=\"_fadeIn_m1hgl_8\">at the same time<\/span><\/strong><span class=\"_fadeIn_m1hgl_8\">.<\/span><\/p>\n<\/li>\n<li data-start=\"1525\" data-end=\"1607\">\n<p data-start=\"1527\" data-end=\"1607\"><span class=\"_fadeIn_m1hgl_8\">Driving <\/span><span class=\"_fadeIn_m1hgl_8\">shall <\/span><span class=\"_fadeIn_m1hgl_8\">spoon <\/span><span class=\"_fadeIn_m1hgl_8\">with <\/span><span class=\"_fadeIn_m1hgl_8\">consideration <\/span><span class=\"_fadeIn_m1hgl_8\">to <\/span><span class=\"_fadeIn_m1hgl_8\">in force <\/span><span class=\"_fadeIn_m1hgl_8\">traffic rules <\/span><span class=\"_fadeIn_m1hgl_8\">and <\/span><span class=\"_fadeIn_m1hgl_8\">local <\/span><span class=\"_fadeIn_m1hgl_8\">regulations.<\/span><\/p>\n<\/li>\n<li data-start=\"1608\" data-end=\"1739\">\n<p data-start=\"1610\" data-end=\"1739\"><span class=\"_fadeIn_m1hgl_8\">The <\/span><span class=\"_fadeIn_m1hgl_8\">is <\/span><strong data-start=\"1617\" data-end=\"1736\"><span class=\"_fadeIn_m1hgl_8\">not <\/span><span class=\"_fadeIn_m1hgl_8\">authorised <\/span><span class=\"_fadeIn_m1hgl_8\">that <\/span><span class=\"_fadeIn_m1hgl_8\">use <\/span><span class=\"_fadeIn_m1hgl_8\">scooters <\/span><span class=\"_fadeIn_m1hgl_8\">i <\/span><span class=\"_fadeIn_m1hgl_8\">terrain, <\/span><span class=\"_fadeIn_m1hgl_8\">on <\/span><span class=\"_fadeIn_m1hgl_8\">beaches, <\/span><span class=\"_fadeIn_m1hgl_8\">i <\/span><span class=\"_fadeIn_m1hgl_8\">depth <\/span><span class=\"_fadeIn_m1hgl_8\">sand, <\/span><span class=\"_fadeIn_m1hgl_8\">i <\/span><span class=\"_fadeIn_m1hgl_8\">grasp <\/span><span class=\"_fadeIn_m1hgl_8\">or <\/span><span class=\"_fadeIn_m1hgl_8\">other <\/span><span class=\"_fadeIn_m1hgl_8\">unfavourable <\/span><span class=\"_fadeIn_m1hgl_8\">substrate<\/span><\/strong><span class=\"_fadeIn_m1hgl_8\">.<\/span><\/p>\n<\/li>\n<li data-start=\"1740\" data-end=\"1816\">\n<p data-start=\"1742\" data-end=\"1816\"><span class=\"_fadeIn_m1hgl_8\">Driving <\/span><span class=\"_fadeIn_m1hgl_8\">i <\/span><span class=\"_fadeIn_m1hgl_8\">rain <\/span><span class=\"_fadeIn_m1hgl_8\">or <\/span><span class=\"_fadeIn_m1hgl_8\">puddles <\/span><span class=\"_fadeIn_m1hgl_8\">should <\/span><span class=\"_fadeIn_m1hgl_8\">be avoided <\/span><span class=\"_fadeIn_m1hgl_8\">for <\/span><span class=\"_fadeIn_m1hgl_8\">that <\/span><span class=\"_fadeIn_m1hgl_8\">protect <\/span><span class=\"_fadeIn_m1hgl_8\">the electricity system.<\/span><\/p>\n<\/li>\n<\/ul>\t\t\t\t\t\t\t\t<\/div>\n\t\t\t\t<\/div>\n\t\t\t\t<\/div>\n\t\t<div class=\"elementor-element elementor-element-1e782a5 e-con-full e-flex e-con e-child\" data-id=\"1e782a5\" data-element_type=\"container\" data-e-type=\"container\">\n\t\t\t\t<div class=\"elementor-element elementor-element-16313f5 elementor-widget elementor-widget-image\" data-id=\"16313f5\" data-element_type=\"widget\" data-e-type=\"widget\" data-widget_type=\"image.default\">\n\t\t\t\t<div class=\"elementor-widget-container\">\n\t\t\t\t\t\t\t\t\t\t\t\t\t\t\t<img fetchpriority=\"high\" decoding=\"async\" width=\"800\" height=\"450\" src=\"https:\/\/www.bilparkenrental.se\/wp-content\/uploads\/2024\/11\/Invandig-2-1024x576.jpg\" class=\"attachment-large size-large wp-image-1585\" alt=\"\" srcset=\"https:\/\/www.bilparkenrental.se\/wp-content\/uploads\/2024\/11\/Invandig-2-1024x576.jpg 1024w, https:\/\/www.bilparkenrental.se\/wp-content\/uploads\/2024\/11\/Invandig-2-300x169.jpg 300w, https:\/\/www.bilparkenrental.se\/wp-content\/uploads\/2024\/11\/Invandig-2-768x432.jpg 768w, https:\/\/www.bilparkenrental.se\/wp-content\/uploads\/2024\/11\/Invandig-2-1536x864.jpg 1536w, https:\/\/www.bilparkenrental.se\/wp-content\/uploads\/2024\/11\/Invandig-2-600x338.jpg 600w, https:\/\/www.bilparkenrental.se\/wp-content\/uploads\/2024\/11\/Invandig-2.jpg 1920w\" sizes=\"(max-width: 800px) 100vw, 800px\" \/>\t\t\t\t\t\t\t\t\t\t\t\t\t\t\t<\/div>\n\t\t\t\t<\/div>\n\t\t\t\t<div class=\"elementor-element elementor-element-1fb6371 elementor-widget elementor-widget-text-editor\" data-id=\"1fb6371\" data-element_type=\"widget\" data-e-type=\"widget\" data-widget_type=\"text-editor.default\">\n\t\t\t\t<div class=\"elementor-widget-container\">\n\t\t\t\t\t\t\t\t\t<h3 data-start=\"1818\" data-end=\"1848\"><strong data-start=\"1822\" data-end=\"1846\"><span class=\"_fadeIn_m1hgl_8\">4. <\/span><span class=\"_fadeIn_m1hgl_8\">Injuries <\/span><span class=\"_fadeIn_m1hgl_8\">and <\/span><span class=\"_fadeIn_m1hgl_8\">responsibility<\/span><\/strong><\/h3>\n<p data-start=\"1849\" data-end=\"2058\"><span class=\"_fadeIn_m1hgl_8\">The lessee <\/span><span class=\"_fadeIn_m1hgl_8\">responsible <\/span><span class=\"_fadeIn_m1hgl_8\">for <\/span><span class=\"_fadeIn_m1hgl_8\">that <\/span><span class=\"_fadeIn_m1hgl_8\">electric scooters <\/span><span class=\"_fadeIn_m1hgl_8\">used <\/span><span class=\"_fadeIn_m1hgl_8\">on <\/span><span class=\"_fadeIn_m1hgl_8\">one <\/span><span class=\"_fadeIn_m1hgl_8\">correct <\/span><span class=\"_fadeIn_m1hgl_8\">and <\/span><span class=\"_fadeIn_m1hgl_8\">gently <\/span><span class=\"_fadeIn_m1hgl_8\">way. <\/span><span class=\"_fadeIn_m1hgl_8\">Possible <\/span><span class=\"_fadeIn_m1hgl_8\">damage, <\/span><span class=\"_fadeIn_m1hgl_8\">loss <\/span><span class=\"_fadeIn_m1hgl_8\">or <\/span><span class=\"_fadeIn_m1hgl_8\">theft <\/span><span class=\"_fadeIn_m1hgl_8\">of <\/span><span class=\"_fadeIn_m1hgl_8\">electric scooters <\/span><span class=\"_fadeIn_m1hgl_8\">or <\/span><span class=\"_fadeIn_m1hgl_8\">associated <\/span><span class=\"_fadeIn_m1hgl_8\">equipment (<\/span><span class=\"_fadeIn_m1hgl_8\">t.<\/span><span class=\"_fadeIn_m1hgl_8\">e.g. <\/span><span class=\"_fadeIn_m1hgl_8\">chargers) <\/span><span class=\"_fadeIn_m1hgl_8\">will be debited <\/span><span class=\"_fadeIn_m1hgl_8\">the lessee.<\/span><\/p>\n<ul data-start=\"2060\" data-end=\"2266\">\n<li data-start=\"2060\" data-end=\"2098\">\n<p data-start=\"2062\" data-end=\"2098\"><span class=\"_fadeIn_m1hgl_8\">Deductible <\/span><span class=\"_fadeIn_m1hgl_8\">wide <\/span><span class=\"_fadeIn_m1hgl_8\">damage: <\/span><strong data-start=\"2083\" data-end=\"2096\"><span class=\"_fadeIn_m1hgl_8\">1 <\/span><span class=\"_fadeIn_m1hgl_8\">500 <\/span><span class=\"_fadeIn_m1hgl_8\">SEC<\/span><\/strong><\/p>\n<\/li>\n<li data-start=\"2099\" data-end=\"2197\">\n<p data-start=\"2101\" data-end=\"2197\"><span class=\"_fadeIn_m1hgl_8\">By <\/span><span class=\"_fadeIn_m1hgl_8\">loss <\/span><span class=\"_fadeIn_m1hgl_8\">or <\/span><span class=\"_fadeIn_m1hgl_8\">total <\/span><span class=\"_fadeIn_m1hgl_8\">damage <\/span><span class=\"_fadeIn_m1hgl_8\">will be debited <\/span><span class=\"_fadeIn_m1hgl_8\">full <\/span><span class=\"_fadeIn_m1hgl_8\">replacement <\/span><span class=\"_fadeIn_m1hgl_8\">corresponding to <\/span><span class=\"_fadeIn_m1hgl_8\">scooters <\/span><span class=\"_fadeIn_m1hgl_8\">market value<\/span><\/p>\n<\/li>\n<li data-start=\"2198\" data-end=\"2266\">\n<p data-start=\"2200\" data-end=\"2266\"><span class=\"_fadeIn_m1hgl_8\">Rock <\/span><span class=\"_fadeIn_m1hgl_8\">or <\/span><span class=\"_fadeIn_m1hgl_8\">problem <\/span><span class=\"_fadeIn_m1hgl_8\">shall <\/span><span class=\"_fadeIn_m1hgl_8\">immediately <\/span><span class=\"_fadeIn_m1hgl_8\">reported <\/span><span class=\"_fadeIn_m1hgl_8\">to <\/span><span class=\"_fadeIn_m1hgl_8\">Car fleet <\/span><span class=\"_fadeIn_m1hgl_8\">Rental<\/span><\/p>\n<\/li>\n<\/ul>\n<p data-start=\"2268\" data-end=\"2456\"><span class=\"_fadeIn_m1hgl_8\">By <\/span><span class=\"_fadeIn_m1hgl_8\">return <\/span><span class=\"_fadeIn_m1hgl_8\">shall <\/span><span class=\"_fadeIn_m1hgl_8\">electric scooters <\/span><span class=\"_fadeIn_m1hgl_8\">product <\/span><span class=\"_fadeIn_m1hgl_8\">i <\/span><span class=\"_fadeIn_m1hgl_8\">the same <\/span><span class=\"_fadeIn_m1hgl_8\">condition <\/span><span class=\"_fadeIn_m1hgl_8\">which <\/span><span class=\"_fadeIn_m1hgl_8\">wide <\/span><span class=\"_fadeIn_m1hgl_8\">extradition, <\/span><span class=\"_fadeIn_m1hgl_8\">apart from <\/span><span class=\"_fadeIn_m1hgl_8\">from <\/span><span class=\"_fadeIn_m1hgl_8\">normally <\/span><span class=\"_fadeIn_m1hgl_8\">wear and tear. <\/span><span class=\"_fadeIn_m1hgl_8\">The <\/span><span class=\"_fadeIn_m1hgl_8\">shall <\/span><span class=\"_fadeIn_m1hgl_8\">product <\/span><span class=\"_fadeIn_m1hgl_8\">loaded, <\/span><span class=\"_fadeIn_m1hgl_8\">sheathed <\/span><span class=\"_fadeIn_m1hgl_8\">from <\/span><span class=\"_fadeIn_m1hgl_8\">visible <\/span><span class=\"_fadeIn_m1hgl_8\">dirt <\/span><span class=\"_fadeIn_m1hgl_8\">and <\/span><span class=\"_fadeIn_m1hgl_8\">complete <\/span><span class=\"_fadeIn_m1hgl_8\">with <\/span><span class=\"_fadeIn_m1hgl_8\">associated <\/span><span class=\"_fadeIn_m1hgl_8\">chargers.<\/span><\/p>\n<h3 data-start=\"2458\" data-end=\"2504\"><strong data-start=\"2462\" data-end=\"2502\"><span class=\"_fadeIn_m1hgl_8\">5. <\/span><span class=\"_fadeIn_m1hgl_8\">Cancellation <\/span><span class=\"_fadeIn_m1hgl_8\">and <\/span><span class=\"_fadeIn_m1hgl_8\">addendum <\/span><span class=\"_fadeIn_m1hgl_8\">of <\/span><span class=\"_fadeIn_m1hgl_8\">the service<\/span><\/strong><\/h3>\n<p data-start=\"2505\" data-end=\"2757\"><span class=\"_fadeIn_m1hgl_8\">Renting <\/span><span class=\"_fadeIn_m1hgl_8\">of <\/span><span class=\"_fadeIn_m1hgl_8\">electric scooters <\/span><span class=\"_fadeIn_m1hgl_8\">can <\/span><span class=\"_fadeIn_m1hgl_8\">booked <\/span><span class=\"_fadeIn_m1hgl_8\">i <\/span><span class=\"_fadeIn_m1hgl_8\">connection <\/span><span class=\"_fadeIn_m1hgl_8\">with <\/span><span class=\"_fadeIn_m1hgl_8\">vehicle hire <\/span><span class=\"_fadeIn_m1hgl_8\">or <\/span><span class=\"_fadeIn_m1hgl_8\">be added <\/span><span class=\"_fadeIn_m1hgl_8\">to <\/span><span class=\"_fadeIn_m1hgl_8\">i <\/span><span class=\"_fadeIn_m1hgl_8\">as time goes by, <\/span><span class=\"_fadeIn_m1hgl_8\">dock <\/span><span class=\"_fadeIn_m1hgl_8\">at the latest <\/span><span class=\"_fadeIn_m1hgl_8\">48 <\/span><span class=\"_fadeIn_m1hgl_8\">hours <\/span><span class=\"_fadeIn_m1hgl_8\">before <\/span><span class=\"_fadeIn_m1hgl_8\">the departure. <\/span><span class=\"_fadeIn_m1hgl_8\">Cancellation <\/span><span class=\"_fadeIn_m1hgl_8\">of <\/span><span class=\"_fadeIn_m1hgl_8\">the additional service <\/span><span class=\"_fadeIn_m1hgl_8\">can <\/span><span class=\"_fadeIn_m1hgl_8\">to be done <\/span><span class=\"_fadeIn_m1hgl_8\">free of charge <\/span><span class=\"_fadeIn_m1hgl_8\">in front of <\/span><span class=\"_fadeIn_m1hgl_8\">to <\/span><span class=\"_fadeIn_m1hgl_8\">48 <\/span><span class=\"_fadeIn_m1hgl_8\">hours <\/span><span class=\"_fadeIn_m1hgl_8\">before <\/span><span class=\"_fadeIn_m1hgl_8\">the departure. <\/span><span class=\"_fadeIn_m1hgl_8\">Subsequently, the <\/span><span class=\"_fadeIn_m1hgl_8\">will be debited <\/span><span class=\"_fadeIn_m1hgl_8\">full <\/span><span class=\"_fadeIn_m1hgl_8\">cost.<\/span><\/p>\n<h3 data-start=\"2759\" data-end=\"2803\"><strong data-start=\"2763\" data-end=\"2801\"><span class=\"_fadeIn_m1hgl_8\">6. <\/span><span class=\"_fadeIn_m1hgl_8\">Restrictions <\/span><span class=\"_fadeIn_m1hgl_8\">and <\/span><span class=\"_fadeIn_m1hgl_8\">discharge from liability<\/span><\/strong><\/h3>\n<p data-start=\"2804\" data-end=\"3063\"><span class=\"_fadeIn_m1hgl_8\">Car fleet <\/span><span class=\"_fadeIn_m1hgl_8\">Rental <\/span><span class=\"_fadeIn_m1hgl_8\">AB <\/span><span class=\"_fadeIn_m1hgl_8\">responsible <\/span><span class=\"_fadeIn_m1hgl_8\">not <\/span><span class=\"_fadeIn_m1hgl_8\">for <\/span><span class=\"_fadeIn_m1hgl_8\">personal injuries, <\/span><span class=\"_fadeIn_m1hgl_8\">fines, <\/span><span class=\"_fadeIn_m1hgl_8\">or <\/span><span class=\"_fadeIn_m1hgl_8\">others <\/span><span class=\"_fadeIn_m1hgl_8\">costs <\/span><span class=\"_fadeIn_m1hgl_8\">which <\/span><span class=\"_fadeIn_m1hgl_8\">can <\/span><span class=\"_fadeIn_m1hgl_8\">arise <\/span><span class=\"_fadeIn_m1hgl_8\">wide <\/span><span class=\"_fadeIn_m1hgl_8\">use <\/span><span class=\"_fadeIn_m1hgl_8\">of <\/span><span class=\"_fadeIn_m1hgl_8\">electric scooters. <\/span><span class=\"_fadeIn_m1hgl_8\">The user <\/span><span class=\"_fadeIn_m1hgl_8\">is <\/span><span class=\"_fadeIn_m1hgl_8\">yourself <\/span><span class=\"_fadeIn_m1hgl_8\">responsible <\/span><span class=\"_fadeIn_m1hgl_8\">for <\/span><span class=\"_fadeIn_m1hgl_8\">that <\/span><span class=\"_fadeIn_m1hgl_8\">follow <\/span><span class=\"_fadeIn_m1hgl_8\">local <\/span><span class=\"_fadeIn_m1hgl_8\">laws <\/span><span class=\"_fadeIn_m1hgl_8\">and <\/span><span class=\"_fadeIn_m1hgl_8\">rules, <\/span><span class=\"_fadeIn_m1hgl_8\">including <\/span><span class=\"_fadeIn_m1hgl_8\">possibly <\/span><span class=\"_fadeIn_m1hgl_8\">requirements <\/span><span class=\"_fadeIn_m1hgl_8\">on <\/span><span class=\"_fadeIn_m1hgl_8\">helmet use <\/span><span class=\"_fadeIn_m1hgl_8\">or <\/span><span class=\"_fadeIn_m1hgl_8\">driving licence.<\/span><\/p>\t\t\t\t\t\t\t\t<\/div>\n\t\t\t\t<\/div>\n\t\t\t\t<\/div>\n\t\t\t\t\t<\/div>\n\t\t\t\t<\/div>\n\t\t\t\t<\/div>","protected":false},"excerpt":{"rendered":"<p>Som ett smidigt och roligt komplement till din husbilsresa erbjuder Bilparken Rental AB uthyrning av elsparkcykeln Navee V25. Denna moderna elscooter \u00e4r batteridriven och perfekt f\u00f6r kortare utflykter, \u00e4renden eller n\u00e4r du snabbt vill ta dig runt p\u00e5 campingen, i staden eller i n\u00e4rheten av din st\u00e4llplats. 1. Uthyrning och pris Elsparkcykeln hyrs ut till [&hellip;]<\/p>\n","protected":false},"author":1,"featured_media":0,"parent":0,"menu_order":0,"comment_status":"closed","ping_status":"closed","template":"","meta":{"footnotes":""},"class_list":["post-1248","page","type-page","status-publish","hentry"],"_links":{"self":[{"href":"https:\/\/www.bilparkenrental.se\/en\/wp-json\/wp\/v2\/pages\/1248","targetHints":{"allow":["GET"]}}],"collection":[{"href":"https:\/\/www.bilparkenrental.se\/en\/wp-json\/wp\/v2\/pages"}],"about":[{"href":"https:\/\/www.bilparkenrental.se\/en\/wp-json\/wp\/v2\/types\/page"}],"author":[{"embeddable":true,"href":"https:\/\/www.bilparkenrental.se\/en\/wp-json\/wp\/v2\/users\/1"}],"replies":[{"embeddable":true,"href":"https:\/\/www.bilparkenrental.se\/en\/wp-json\/wp\/v2\/comments?post=1248"}],"version-history":[{"count":3,"href":"https:\/\/www.bilparkenrental.se\/en\/wp-json\/wp\/v2\/pages\/1248\/revisions"}],"predecessor-version":[{"id":2148,"href":"https:\/\/www.bilparkenrental.se\/en\/wp-json\/wp\/v2\/pages\/1248\/revisions\/2148"}],"wp:attachment":[{"href":"https:\/\/www.bilparkenrental.se\/en\/wp-json\/wp\/v2\/media?parent=1248"}],"curies":[{"name":"wp","href":"https:\/\/api.w.org\/{rel}","templated":true}]}}